{"id":4712,"date":"2025-07-08T22:46:05","date_gmt":"2025-07-08T22:46:05","guid":{"rendered":"https:\/\/mysmartservice.tn\/?post_type=product&#038;p=4712"},"modified":"2025-07-08T22:57:22","modified_gmt":"2025-07-08T22:57:22","slug":"photocopieur-multifonction-canon-imagerunner-2224n-a3-wifi-usb","status":"publish","type":"product","link":"https:\/\/mysmartservice.tn\/en\/product\/photocopieur-multifonction-canon-imagerunner-2224n-a3-wifi-usb\/","title":{"rendered":"Photocopieur Multifonction CANON imageRUNNER 2224N A3 Wifi USB"},"content":{"rendered":"","protected":false},"excerpt":{"rendered":"<p>hotocopieur Multifonction CANON imageRUNNER 2224N A3 Wifi USB &#8211; Fonction:\u00a0<span style=\"color: #ff0000;\"><strong>Impression, copie, num\u00e9risation\u00a0<\/strong><\/span>&#8211;\u00a0Format Papier:\u00a0<strong>A3\u00a0<\/strong>&#8211;\u00a0Technologie d&rsquo;impression:\u00a0<strong>Laser\u00a0<\/strong>&#8211; Panneau de contr\u00f4le:\u00a0<span style=\"color: #0000ff;\"><strong>\u00c9cran tactile monochrome de 3,5 pouces<\/strong><\/span>\u00a0&#8211; Vitesse d\u2019impression:<strong>\u00a0\u00a0Recto : jusqu&rsquo;\u00e0 24 ppm (A4), jusqu&rsquo;\u00e0 12 ppm (A3), jusqu&rsquo;\u00e0 11 ppm (A4R)\u00a0<\/strong>&#8211; R\u00e9solution d&rsquo;impression:\u00a0<strong>Jusqu&rsquo;\u00e0 600&#215;600 ppp<\/strong>\u00a0&#8211; Vitesse de copie: Recto :<span style=\"color: #ff0000;\"><strong>\u00a0jusqu&rsquo;\u00e0 24 ppm (A4), jusqu&rsquo;\u00e0 12 ppm (A3), jusqu&rsquo;\u00e0 11 ppm (A4R)<\/strong>\u00a0<\/span>&#8211; Capacit\u00e9 d&rsquo;alimentation papier (A4, 80 g\/m\u00b2):\u00a0<strong>Standard : 350 feuilles (Magasin papier : 250 feuilles, Bac MPT : 100 feuilles) , Maximum : 600 feuilles (avec module d&rsquo;alimentation en cassette-AK1)<\/strong>&#8211;\u00a0Capacit\u00e9 de sortie papier:<span style=\"color: #0000ff;\">\u00a0<\/span><strong><span style=\"color: #0000ff;\">Standard : 250 feuilles Maximum : 250 feuilles<\/span>\u00a0<\/strong>&#8211; Connectivit\u00e9 :\u00a0<strong>USB , Ethernet , Wifi\u00a0\u00a0<\/strong>&#8211;<strong>\u00a0<\/strong>Dimensions: 627 x 607 x 606 mm &#8211; Poids: env. 30,3 kg sans cache d&rsquo;exposition &#8211; Garantie:\u00a0<strong>1 an.<\/strong><\/p>\n<ul>\n<li><strong>Sans toner<\/strong><\/li>\n<\/ul>","protected":false},"featured_media":4713,"comment_status":"open","ping_status":"closed","template":"","meta":[],"store":[682],"product_brand":[],"product_cat":[529,532],"product_tag":[],"class_list":{"0":"post-4712","1":"product","2":"type-product","3":"status-publish","4":"has-post-thumbnail","6":"store-canon","7":"product_cat-impression","8":"product_cat-photocopieurs","10":"first","11":"instock","12":"sale","13":"shipping-taxable","14":"purchasable","15":"product-type-simple"},"_links":{"self":[{"href":"https:\/\/mysmartservice.tn\/en\/wp-json\/wp\/v2\/product\/4712","targetHints":{"allow":["GET"]}}],"collection":[{"href":"https:\/\/mysmartservice.tn\/en\/wp-json\/wp\/v2\/product"}],"about":[{"href":"https:\/\/mysmartservice.tn\/en\/wp-json\/wp\/v2\/types\/product"}],"replies":[{"embeddable":true,"href":"https:\/\/mysmartservice.tn\/en\/wp-json\/wp\/v2\/comments?post=4712"}],"wp:featuredmedia":[{"embeddable":true,"href":"https:\/\/mysmartservice.tn\/en\/wp-json\/wp\/v2\/media\/4713"}],"wp:attachment":[{"href":"https:\/\/mysmartservice.tn\/en\/wp-json\/wp\/v2\/media?parent=4712"}],"wp:term":[{"taxonomy":"store","embeddable":true,"href":"https:\/\/mysmartservice.tn\/en\/wp-json\/wp\/v2\/store?post=4712"},{"taxonomy":"product_brand","embeddable":true,"href":"https:\/\/mysmartservice.tn\/en\/wp-json\/wp\/v2\/product_brand?post=4712"},{"taxonomy":"product_cat","embeddable":true,"href":"https:\/\/mysmartservice.tn\/en\/wp-json\/wp\/v2\/product_cat?post=4712"},{"taxonomy":"product_tag","embeddable":true,"href":"https:\/\/mysmartservice.tn\/en\/wp-json\/wp\/v2\/product_tag?post=4712"}],"curies":[{"name":"wp","href":"https:\/\/api.w.org\/{rel}","templated":true}]}}