{"id":4705,"date":"2025-07-04T22:45:26","date_gmt":"2025-07-04T22:45:26","guid":{"rendered":"https:\/\/mysmartservice.tn\/?post_type=product&#038;p=4705"},"modified":"2025-07-10T11:02:07","modified_gmt":"2025-07-10T11:02:07","slug":"photocopieur-multifonction-kyocera-taskalfa-2020-monochrome","status":"publish","type":"product","link":"https:\/\/mysmartservice.tn\/en\/product\/photocopieur-multifonction-kyocera-taskalfa-2020-monochrome\/","title":{"rendered":"Photocopieur Multifonction KYOCERA TASKALFA 2020 Monochrome"},"content":{"rendered":"","protected":false},"excerpt":{"rendered":"<p>Photocopieur Multifonction KYOCERA TASKALFA 2020 Monochrome &#8211; Fonctions:\u00a0<span style=\"color: #ff0000;\"><strong>Impression, copie et Num\u00e9risation<\/strong><strong>\u00a0<\/strong><\/span>&#8211; Format Papier:\u00a0<span style=\"color: #0000ff;\"><strong>A3\/A4<\/strong><\/span>\u00a0&#8211; Vitesse d&rsquo;impession (A4,A3):\u00a0<strong>20 ppm\/ 10 ppm\u00a0<\/strong>&#8211; Vitesse de num\u00e9risation: (A4, 600 dpi)\u00a0<strong><span style=\"color: #ff0000;\">jusqu&rsquo;\u00e0 23 ipm<\/span>\u00a0<\/strong>&#8211; R\u00e9solution d&rsquo;impression:\u00a0<strong>1800 \u00d7 600 dpi\u00a0<\/strong>&#8211; R\u00e9solution de num\u00e9risation:\u00a0<strong>600 x 600 dpi, 400 x 400 dpi, 300 x 300 dpi, 200 x 200 dpi, 256 niveaux de gris par couleur\u00a0<\/strong>&#8211; Interfaces standard:\u00a0<strong>USB 2.0\u00a0<\/strong>\u2013 Processor:<strong>\u00a0ARM v5, 500 MHz\u00a0<\/strong>&#8211; M\u00e9moire:\u00a0<strong>256 Mo\u00a0<\/strong>&#8211; Bac polyvalent:\u00a0<strong>100 feuilles<\/strong>\u00a0&#8211; Capacit\u00e9 en sortie papier: Max.<strong>\u00a0<span style=\"color: #0000ff;\">250 feuilles<\/span><\/strong>\u00a0face vers le bas &#8211; Magasin papier standard:\u00a0<strong>300 feuilles<\/strong>\u00a0&#8211; Pr\u00e9chauffage :\u00a0<strong>environ 17,2 secondes<\/strong>\u00a0&#8211;\u00a0<strong>\u00c9cran LCD<\/strong>\u00a0r\u00e9tro-\u00e9clair\u00e9 de 2 lignes avec clavier alphanum\u00e9rique &#8211; Dimensions: 565 \u00d7 527 \u00d7 455\u2009mm<strong>\u00a0<\/strong>&#8211; Garantie: 1 an .<\/p>\n<ul>\n<li><span style=\"color: #ff0000;\"><strong>Avec cache et Toner\u00a0<\/strong><\/span><\/li>\n<\/ul>","protected":false},"featured_media":4708,"comment_status":"open","ping_status":"closed","template":"","meta":[],"store":[691],"product_brand":[],"product_cat":[529,532],"product_tag":[],"class_list":{"0":"post-4705","1":"product","2":"type-product","3":"status-publish","4":"has-post-thumbnail","6":"store-kyocera","7":"product_cat-impression","8":"product_cat-photocopieurs","10":"first","11":"instock","12":"shipping-taxable","13":"purchasable","14":"product-type-simple"},"_links":{"self":[{"href":"https:\/\/mysmartservice.tn\/en\/wp-json\/wp\/v2\/product\/4705","targetHints":{"allow":["GET"]}}],"collection":[{"href":"https:\/\/mysmartservice.tn\/en\/wp-json\/wp\/v2\/product"}],"about":[{"href":"https:\/\/mysmartservice.tn\/en\/wp-json\/wp\/v2\/types\/product"}],"replies":[{"embeddable":true,"href":"https:\/\/mysmartservice.tn\/en\/wp-json\/wp\/v2\/comments?post=4705"}],"wp:featuredmedia":[{"embeddable":true,"href":"https:\/\/mysmartservice.tn\/en\/wp-json\/wp\/v2\/media\/4708"}],"wp:attachment":[{"href":"https:\/\/mysmartservice.tn\/en\/wp-json\/wp\/v2\/media?parent=4705"}],"wp:term":[{"taxonomy":"store","embeddable":true,"href":"https:\/\/mysmartservice.tn\/en\/wp-json\/wp\/v2\/store?post=4705"},{"taxonomy":"product_brand","embeddable":true,"href":"https:\/\/mysmartservice.tn\/en\/wp-json\/wp\/v2\/product_brand?post=4705"},{"taxonomy":"product_cat","embeddable":true,"href":"https:\/\/mysmartservice.tn\/en\/wp-json\/wp\/v2\/product_cat?post=4705"},{"taxonomy":"product_tag","embeddable":true,"href":"https:\/\/mysmartservice.tn\/en\/wp-json\/wp\/v2\/product_tag?post=4705"}],"curies":[{"name":"wp","href":"https:\/\/api.w.org\/{rel}","templated":true}]}}