{"id":4658,"date":"2025-07-03T00:54:36","date_gmt":"2025-07-03T00:54:36","guid":{"rendered":"https:\/\/mysmartservice.tn\/?post_type=product&#038;p=4658"},"modified":"2025-07-03T01:01:52","modified_gmt":"2025-07-03T01:01:52","slug":"ecouteurs-sans-fil-jbl-tune-beam-2-turquoise","status":"publish","type":"product","link":"https:\/\/mysmartservice.tn\/en\/product\/ecouteurs-sans-fil-jbl-tune-beam-2-turquoise\/","title":{"rendered":"\u00c9couteurs Sans Fil JBL TUNE BEAM 2 &#8211; Turquoise"},"content":{"rendered":"","protected":false},"excerpt":{"rendered":"<p>\u00c9couteurs Sans Fil JBL TUNE BEAM 2 &#8211; Connectivit\u00e9:\u00a0<span style=\"color: #ff0000;\"><strong>Bluetooth 5.3<\/strong><\/span>\u00a0\u2013 Autonomy:\u00a0<strong>Jusqu&rsquo;\u00e0 12 heures avec ANC d\u00e9sactiv\u00e9\u00a0<\/strong>,\u00a0<strong>Jusqu&rsquo;\u00e0 10 heures avec ANC activ\u00e9<\/strong>\u00a0&#8211; Temps de conversation avec ANC d\u00e9sactiv\u00e9 :<strong>\u00a0<span style=\"color: #0000ff;\">Jusqu&rsquo;\u00e0 6 heures<\/span><\/strong>\u00a0&#8211; Temps de conversation avec ANC activ\u00e9 :<strong>\u00a0Jusqu&rsquo;\u00e0 5 heures<\/strong>\u00a0&#8211; Temps de charge :<span style=\"color: #ff0000;\">\u00a0<\/span><strong><span style=\"color: #ff0000;\">2 heures \u00e0 vide<\/span>\u00a0<\/strong>&#8211; R\u00e9sistance des \u00e9couteurs :<span style=\"color: #0000ff;\">\u00a0<\/span><strong><span style=\"color: #0000ff;\">IP54<\/span>\u00a0<\/strong>&#8211; Taille du pilote :\u00a0<strong>Pilote dynamique 10<\/strong>\u00a0<strong>mm \/ 0,39&Prime;<\/strong>\u00a0&#8211; Son JBL Pure Bass avec son spatial &#8211; Son JBL Pure Bass avec son spatial &#8211; 6 micros pour des appels parfaits et une exp\u00e9rience d&rsquo;appel personnalis\u00e9e &#8211;\u00a0<strong>personi-Fi 3.0<\/strong>\u00a0&#8211; Couleur : Turquoise &#8211; Garantie : 1an<\/p>","protected":false},"featured_media":4661,"comment_status":"open","ping_status":"closed","template":"","meta":[],"store":[676],"product_brand":[],"product_cat":[526,521],"product_tag":[],"class_list":{"0":"post-4658","1":"product","2":"type-product","3":"status-publish","4":"has-post-thumbnail","6":"store-jbl","7":"product_cat-ecouteurs-sans-fil","8":"product_cat-photo-son","10":"first","11":"instock","12":"shipping-taxable","13":"purchasable","14":"product-type-simple"},"_links":{"self":[{"href":"https:\/\/mysmartservice.tn\/en\/wp-json\/wp\/v2\/product\/4658","targetHints":{"allow":["GET"]}}],"collection":[{"href":"https:\/\/mysmartservice.tn\/en\/wp-json\/wp\/v2\/product"}],"about":[{"href":"https:\/\/mysmartservice.tn\/en\/wp-json\/wp\/v2\/types\/product"}],"replies":[{"embeddable":true,"href":"https:\/\/mysmartservice.tn\/en\/wp-json\/wp\/v2\/comments?post=4658"}],"wp:featuredmedia":[{"embeddable":true,"href":"https:\/\/mysmartservice.tn\/en\/wp-json\/wp\/v2\/media\/4661"}],"wp:attachment":[{"href":"https:\/\/mysmartservice.tn\/en\/wp-json\/wp\/v2\/media?parent=4658"}],"wp:term":[{"taxonomy":"store","embeddable":true,"href":"https:\/\/mysmartservice.tn\/en\/wp-json\/wp\/v2\/store?post=4658"},{"taxonomy":"product_brand","embeddable":true,"href":"https:\/\/mysmartservice.tn\/en\/wp-json\/wp\/v2\/product_brand?post=4658"},{"taxonomy":"product_cat","embeddable":true,"href":"https:\/\/mysmartservice.tn\/en\/wp-json\/wp\/v2\/product_cat?post=4658"},{"taxonomy":"product_tag","embeddable":true,"href":"https:\/\/mysmartservice.tn\/en\/wp-json\/wp\/v2\/product_tag?post=4658"}],"curies":[{"name":"wp","href":"https:\/\/api.w.org\/{rel}","templated":true}]}}