{"id":4649,"date":"2025-07-03T00:38:17","date_gmt":"2025-07-03T00:38:17","guid":{"rendered":"https:\/\/mysmartservice.tn\/?post_type=product&#038;p=4649"},"modified":"2025-07-03T00:44:36","modified_gmt":"2025-07-03T00:44:36","slug":"ecouteurs-sans-fil-huawei-freebuds-se-2-blanc","status":"publish","type":"product","link":"https:\/\/mysmartservice.tn\/en\/product\/ecouteurs-sans-fil-huawei-freebuds-se-2-blanc\/","title":{"rendered":"\u00c9couteurs Sans Fil HUAWEI FreeBuds SE 2 &#8211; Blanc"},"content":{"rendered":"","protected":false},"excerpt":{"rendered":"<p>\u00c9couteurs Sans Fil HUAWEI FreeBuds SE 2 &#8211; Connectivit\u00e9:\u00a0<span style=\"color: #ff0000;\"><strong>Bluetooth 5.3<\/strong>\u00a0<\/span>&#8211; Capacit\u00e9 de la Batterie :\u00a0<strong>41mAh (par \u00e9couteur), 510 mAh(bo\u00eetier de charge)<\/strong>\u00a0&#8211; Autonomie de batterie: Lecture de musique :\u00a0<strong>9 heures<\/strong>\u00a0apr\u00e8s une charge compl\u00e8te et\u00a0<span style=\"color: #0000ff;\"><strong>40 heures\u00a0<\/strong><\/span>avec plusieurs charges dans l&rsquo;\u00e9tui de chargement, Appels vocaux :\u00a0<strong>5 heures<\/strong>\u00a0apr\u00e8s une charge compl\u00e8te et<strong>\u00a024 heures<\/strong>\u00a0avec plusieurs charges dans l&rsquo;\u00e9tui de recharge &#8211; Temps de charge:\u00a0<strong>Env 110 min<\/strong>\u00a0&#8211;\u00a0<strong>Suppression du bruit d&rsquo;appel<\/strong>\u00a0&#8211; L\u00e9ger et compact &#8211;\u00a0<span style=\"color: #ff0000;\"><strong>Assistant vocal<\/strong>\u00a0&#8211;\u00a0<strong>Contr\u00f4le tactile<\/strong><\/span>\u00a0&#8211; Pilote dynamique de: 10mm &#8211; Chargement filaire : USB-C -R\u00e9sistance \u00e0 la poussi\u00e8re et aux \u00e9claboussures (seulement les \u00e9couteurs):<strong>\u00a0<span style=\"color: #3366ff;\">IP54<\/span><\/strong>\u00a0&#8211; Pilote dynamique de:\u00a0<strong>10mm<\/strong>\u00a0-Chargement filaire : USB-C &#8211; Couleur : Blanc &#8211; Garantie : 1an<\/p>","protected":false},"featured_media":4652,"comment_status":"open","ping_status":"closed","template":"","meta":[],"store":[72],"product_brand":[],"product_cat":[526,521],"product_tag":[],"class_list":{"0":"post-4649","1":"product","2":"type-product","3":"status-publish","4":"has-post-thumbnail","6":"store-huawei","7":"product_cat-ecouteurs-sans-fil","8":"product_cat-photo-son","10":"first","11":"instock","12":"shipping-taxable","13":"purchasable","14":"product-type-simple"},"_links":{"self":[{"href":"https:\/\/mysmartservice.tn\/en\/wp-json\/wp\/v2\/product\/4649","targetHints":{"allow":["GET"]}}],"collection":[{"href":"https:\/\/mysmartservice.tn\/en\/wp-json\/wp\/v2\/product"}],"about":[{"href":"https:\/\/mysmartservice.tn\/en\/wp-json\/wp\/v2\/types\/product"}],"replies":[{"embeddable":true,"href":"https:\/\/mysmartservice.tn\/en\/wp-json\/wp\/v2\/comments?post=4649"}],"wp:featuredmedia":[{"embeddable":true,"href":"https:\/\/mysmartservice.tn\/en\/wp-json\/wp\/v2\/media\/4652"}],"wp:attachment":[{"href":"https:\/\/mysmartservice.tn\/en\/wp-json\/wp\/v2\/media?parent=4649"}],"wp:term":[{"taxonomy":"store","embeddable":true,"href":"https:\/\/mysmartservice.tn\/en\/wp-json\/wp\/v2\/store?post=4649"},{"taxonomy":"product_brand","embeddable":true,"href":"https:\/\/mysmartservice.tn\/en\/wp-json\/wp\/v2\/product_brand?post=4649"},{"taxonomy":"product_cat","embeddable":true,"href":"https:\/\/mysmartservice.tn\/en\/wp-json\/wp\/v2\/product_cat?post=4649"},{"taxonomy":"product_tag","embeddable":true,"href":"https:\/\/mysmartservice.tn\/en\/wp-json\/wp\/v2\/product_tag?post=4649"}],"curies":[{"name":"wp","href":"https:\/\/api.w.org\/{rel}","templated":true}]}}