{"id":4647,"date":"2025-07-03T00:25:43","date_gmt":"2025-07-03T00:25:43","guid":{"rendered":"https:\/\/mysmartservice.tn\/?post_type=product&#038;p=4647"},"modified":"2025-07-03T00:37:05","modified_gmt":"2025-07-03T00:37:05","slug":"ecouteurs-sans-fil-qcy-crossky-c10-blanc","status":"publish","type":"product","link":"https:\/\/mysmartservice.tn\/en\/product\/ecouteurs-sans-fil-qcy-crossky-c10-blanc\/","title":{"rendered":"\u00c9couteurs Sans Fil QCY CROSSKY C10 &#8211; Blanc"},"content":{"rendered":"","protected":false},"excerpt":{"rendered":"<p>\u00c9couteurs Sans Fil QCY CROSSKY C10 &#8211; Technologie de connectivit\u00e9:\u00a0<strong><span style=\"color: #ff0000;\">Bluetooth 5.4<\/span>\u00a0<\/strong>&#8211; Syst\u00e8mes compatibles :\u00a0<strong>iOS, Android<\/strong>\u00a0&#8211; Port\u00e9e Bluetooth:<span style=\"color: #0000ff;\"><strong>10 m<\/strong>\u00a0<\/span>&#8211; Autonomie de la batterie:\u00a0<strong><span style=\"color: #ff0000;\">5 h sur une seule charge, 20 h avec un \u00e9tui de charge<\/span>\u00a0<\/strong>&#8211; Port de charge:\u00a0<strong>USB-C<\/strong>\u00a0&#8211; R\u00e9sistance \u00e0 l&rsquo;eau :\u00a0<span style=\"color: #0000ff;\"><strong>IPX5<\/strong><\/span>\u00a0&#8211; Couleur : Blanc &#8211; Garantie : 6mois<\/p>","protected":false},"featured_media":4648,"comment_status":"open","ping_status":"closed","template":"","meta":[],"store":[668],"product_brand":[],"product_cat":[526,521],"product_tag":[],"class_list":{"0":"post-4647","1":"product","2":"type-product","3":"status-publish","4":"has-post-thumbnail","6":"store-qcy","7":"product_cat-ecouteurs-sans-fil","8":"product_cat-photo-son","10":"first","11":"instock","12":"shipping-taxable","13":"purchasable","14":"product-type-simple"},"_links":{"self":[{"href":"https:\/\/mysmartservice.tn\/en\/wp-json\/wp\/v2\/product\/4647","targetHints":{"allow":["GET"]}}],"collection":[{"href":"https:\/\/mysmartservice.tn\/en\/wp-json\/wp\/v2\/product"}],"about":[{"href":"https:\/\/mysmartservice.tn\/en\/wp-json\/wp\/v2\/types\/product"}],"replies":[{"embeddable":true,"href":"https:\/\/mysmartservice.tn\/en\/wp-json\/wp\/v2\/comments?post=4647"}],"wp:featuredmedia":[{"embeddable":true,"href":"https:\/\/mysmartservice.tn\/en\/wp-json\/wp\/v2\/media\/4648"}],"wp:attachment":[{"href":"https:\/\/mysmartservice.tn\/en\/wp-json\/wp\/v2\/media?parent=4647"}],"wp:term":[{"taxonomy":"store","embeddable":true,"href":"https:\/\/mysmartservice.tn\/en\/wp-json\/wp\/v2\/store?post=4647"},{"taxonomy":"product_brand","embeddable":true,"href":"https:\/\/mysmartservice.tn\/en\/wp-json\/wp\/v2\/product_brand?post=4647"},{"taxonomy":"product_cat","embeddable":true,"href":"https:\/\/mysmartservice.tn\/en\/wp-json\/wp\/v2\/product_cat?post=4647"},{"taxonomy":"product_tag","embeddable":true,"href":"https:\/\/mysmartservice.tn\/en\/wp-json\/wp\/v2\/product_tag?post=4647"}],"curies":[{"name":"wp","href":"https:\/\/api.w.org\/{rel}","templated":true}]}}