{"id":4642,"date":"2025-07-03T00:17:38","date_gmt":"2025-07-03T00:17:38","guid":{"rendered":"https:\/\/mysmartservice.tn\/?post_type=product&#038;p=4642"},"modified":"2025-07-03T00:24:52","modified_gmt":"2025-07-03T00:24:52","slug":"ecouteurs-sans-fil-qcy-arcbuds-lite-blanc","status":"publish","type":"product","link":"https:\/\/mysmartservice.tn\/en\/product\/ecouteurs-sans-fil-qcy-arcbuds-lite-blanc\/","title":{"rendered":"\u00c9couteurs Sans Fil QCY ARCBUDS LITE &#8211; Blanc"},"content":{"rendered":"","protected":false},"excerpt":{"rendered":"<p>\u00c9couteurs Sans Fil QCY ARCBUDS LITE &#8211; Technologie de connectivit\u00e9:\u00a0<span style=\"color: #ff0000;\"><strong>Bluetooth 5.2<\/strong><\/span>\u00a0&#8211; Autonomie :<strong>\u00a032 heures<\/strong>\u00a0&#8211; Syst\u00e8me compatible :\u00a0<strong>iOS\/Android<\/strong>\u00a0&#8211; Port\u00e9e effective :\u00a0<strong>10 m\u00e8tres<\/strong>\u00a0&#8211; Autonomie (\u00e9couteurs) :\u00a0<strong>8 h (ANC d\u00e9sactiv\u00e9e), 6 h (ANC activ\u00e9e)<\/strong>\u00a0-Autonomie de la batterie (bo\u00eetier de chargement) :\u00a0<span style=\"color: #0000ff;\"><strong>32 h<\/strong><\/span>\u00a0&#8211; Capacit\u00e9 de la batterie :\u00a0<span style=\"color: #ff0000;\"><strong>350 mAh<\/strong><\/span>\u00a0&#8211; Temps de charge :\u00a0<strong>1,5 heure<\/strong>\u00a0&#8211; Port de charge :\u00a0<strong>Type-C<\/strong>\u00a0&#8211; Plage de fr\u00e9quences :\u00a0<strong>bande 2,4 GHz (2,4000\u20132,4835 GHz)\u00a0<\/strong>&#8211; Audio :\u00a0<strong>St\u00e9r\u00e9o<\/strong>\u00a0&#8211; Unit\u00e9 de pilote :\u00a0<span style=\"color: #0000ff;\"><strong>Pilote dynamique 10 mm<\/strong><\/span>\u00a0&#8211; Microphone :\u00a0<strong>6 microphones int\u00e9gr\u00e9s<\/strong>\u00a0<strong>\u00a0<\/strong>&#8211; Mode transparence &#8211; Charge rapide : 5 minutes de charge pour 1 heure de lecture &#8211; Couleur : Blanc &#8211; Garantie : 6 mois<\/p>","protected":false},"featured_media":4646,"comment_status":"open","ping_status":"closed","template":"","meta":[],"store":[668],"product_brand":[],"product_cat":[526,521],"product_tag":[],"class_list":{"0":"post-4642","1":"product","2":"type-product","3":"status-publish","4":"has-post-thumbnail","6":"store-qcy","7":"product_cat-ecouteurs-sans-fil","8":"product_cat-photo-son","10":"first","11":"instock","12":"shipping-taxable","13":"purchasable","14":"product-type-simple"},"_links":{"self":[{"href":"https:\/\/mysmartservice.tn\/en\/wp-json\/wp\/v2\/product\/4642","targetHints":{"allow":["GET"]}}],"collection":[{"href":"https:\/\/mysmartservice.tn\/en\/wp-json\/wp\/v2\/product"}],"about":[{"href":"https:\/\/mysmartservice.tn\/en\/wp-json\/wp\/v2\/types\/product"}],"replies":[{"embeddable":true,"href":"https:\/\/mysmartservice.tn\/en\/wp-json\/wp\/v2\/comments?post=4642"}],"wp:featuredmedia":[{"embeddable":true,"href":"https:\/\/mysmartservice.tn\/en\/wp-json\/wp\/v2\/media\/4646"}],"wp:attachment":[{"href":"https:\/\/mysmartservice.tn\/en\/wp-json\/wp\/v2\/media?parent=4642"}],"wp:term":[{"taxonomy":"store","embeddable":true,"href":"https:\/\/mysmartservice.tn\/en\/wp-json\/wp\/v2\/store?post=4642"},{"taxonomy":"product_brand","embeddable":true,"href":"https:\/\/mysmartservice.tn\/en\/wp-json\/wp\/v2\/product_brand?post=4642"},{"taxonomy":"product_cat","embeddable":true,"href":"https:\/\/mysmartservice.tn\/en\/wp-json\/wp\/v2\/product_cat?post=4642"},{"taxonomy":"product_tag","embeddable":true,"href":"https:\/\/mysmartservice.tn\/en\/wp-json\/wp\/v2\/product_tag?post=4642"}],"curies":[{"name":"wp","href":"https:\/\/api.w.org\/{rel}","templated":true}]}}