{"id":4639,"date":"2025-07-03T00:02:31","date_gmt":"2025-07-03T00:02:31","guid":{"rendered":"https:\/\/mysmartservice.tn\/?post_type=product&#038;p=4639"},"modified":"2025-07-03T00:13:39","modified_gmt":"2025-07-03T00:13:39","slug":"ecouteurs-sans-fil-lenovo-lp40-pro-noir","status":"publish","type":"product","link":"https:\/\/mysmartservice.tn\/en\/product\/ecouteurs-sans-fil-lenovo-lp40-pro-noir\/","title":{"rendered":"\u00c9couteurs Sans Fil LENOVO Lp40 Pro &#8211; Noir"},"content":{"rendered":"","protected":false},"excerpt":{"rendered":"<p>\u00c9couteurs Sans Fil LENOVO LP40 Pro &#8211; Technologie de connectivit\u00e9:<strong>\u00a0<span style=\"color: #ff0000;\">Bluetooth 5.1<\/span><\/strong>\u00a0&#8211;<strong>\u00a0Son st\u00e9r\u00e9o am\u00e9lior\u00e9\u00a0<\/strong>&#8211;\u00a0<strong><span id=\"productTitle\" class=\"a-size-large product-title-word-break\">Contr\u00f4le tactile\u00a0<\/span><\/strong><span id=\"productTitle\" class=\"a-size-large product-title-word-break\">&#8211;\u00a0<\/span><strong><span id=\"productTitle\" class=\"a-size-large product-title-word-break\">Appels vocaux et vid\u00e9o clairs sans bruit\u00a0<\/span><\/strong><span id=\"productTitle\" class=\"a-size-large product-title-word-break\">&#8211;\u00a0<\/span>Capacit\u00e9 de batterie:<strong>\u00a030mAh(\u00e9couteur), 250mAh(boitier)<\/strong>\u00a0\u2013 Autonomy:<span style=\"color: #0000ff;\"><strong>\u00a03-4 heures<\/strong><\/span>\u00a0&#8211; Temps de charge: 1.5h<span id=\"productTitle\" class=\"a-size-large product-title-word-break\">\u00a0&#8211;\u00a0<\/span>Port\u00e9e de transmission: 10m<strong>\u00a0<\/strong>&#8211; Plage de r\u00e9ponse en fr\u00e9quence : 20Hz-20KHz &#8211; Sensibilit\u00e9 : -109dB + 3dB &#8211; Couleur: Noir &#8211; Garantie: 3mois<\/p>","protected":false},"featured_media":4640,"comment_status":"open","ping_status":"closed","template":"","meta":[],"store":[197],"product_brand":[],"product_cat":[526,521],"product_tag":[],"class_list":{"0":"post-4639","1":"product","2":"type-product","3":"status-publish","4":"has-post-thumbnail","6":"store-lenovo","7":"product_cat-ecouteurs-sans-fil","8":"product_cat-photo-son","10":"first","11":"instock","12":"shipping-taxable","13":"purchasable","14":"product-type-simple"},"_links":{"self":[{"href":"https:\/\/mysmartservice.tn\/en\/wp-json\/wp\/v2\/product\/4639","targetHints":{"allow":["GET"]}}],"collection":[{"href":"https:\/\/mysmartservice.tn\/en\/wp-json\/wp\/v2\/product"}],"about":[{"href":"https:\/\/mysmartservice.tn\/en\/wp-json\/wp\/v2\/types\/product"}],"replies":[{"embeddable":true,"href":"https:\/\/mysmartservice.tn\/en\/wp-json\/wp\/v2\/comments?post=4639"}],"wp:featuredmedia":[{"embeddable":true,"href":"https:\/\/mysmartservice.tn\/en\/wp-json\/wp\/v2\/media\/4640"}],"wp:attachment":[{"href":"https:\/\/mysmartservice.tn\/en\/wp-json\/wp\/v2\/media?parent=4639"}],"wp:term":[{"taxonomy":"store","embeddable":true,"href":"https:\/\/mysmartservice.tn\/en\/wp-json\/wp\/v2\/store?post=4639"},{"taxonomy":"product_brand","embeddable":true,"href":"https:\/\/mysmartservice.tn\/en\/wp-json\/wp\/v2\/product_brand?post=4639"},{"taxonomy":"product_cat","embeddable":true,"href":"https:\/\/mysmartservice.tn\/en\/wp-json\/wp\/v2\/product_cat?post=4639"},{"taxonomy":"product_tag","embeddable":true,"href":"https:\/\/mysmartservice.tn\/en\/wp-json\/wp\/v2\/product_tag?post=4639"}],"curies":[{"name":"wp","href":"https:\/\/api.w.org\/{rel}","templated":true}]}}