{"id":4632,"date":"2025-07-01T23:35:53","date_gmt":"2025-07-01T23:35:53","guid":{"rendered":"https:\/\/mysmartservice.tn\/?post_type=product&#038;p=4632"},"modified":"2025-07-01T23:44:36","modified_gmt":"2025-07-01T23:44:36","slug":"ecouteurs-sans-fil-m10-bluetooth-noir","status":"publish","type":"product","link":"https:\/\/mysmartservice.tn\/en\/product\/ecouteurs-sans-fil-m10-bluetooth-noir\/","title":{"rendered":"\u00c9couteurs Sans Fil M10 Bluetooth &#8211; Noir"},"content":{"rendered":"","protected":false},"excerpt":{"rendered":"<p>\u00c9couteurs Sans Fil M10 &#8211; Technologie de connectivit\u00e9:\u00a0<span style=\"color: #ff0000;\"><strong>Bluetooth 5.1<\/strong><\/span><strong>\u00a0<\/strong>&#8211; Port\u00e9e Bluetooth:<strong>\u00a010 m\u00a0<\/strong>&#8211; Capacit\u00e9 de la batterie:\u00a0<strong>30mAh<\/strong>\u00a0(\u00e9couteur) &#8211; Autonomie de batterie:\u00a0<strong><span style=\"color: #0000ff;\">Temps de musique 4-5 heures, en veille: environ 50 heures<\/span>\u00a0<\/strong><strong>&#8211;\u00a0<\/strong>Temps de charge : 2 heures &#8211;<strong>\u00a0Affichage LED<\/strong>\u00a0&#8211;\u00a0<strong>Contr\u00f4le tactile\u00a0<\/strong>&#8211;<strong>\u00a0Qualit\u00e9 sonore HD\u00a0<\/strong>&#8211;\u00a0<strong>Power Bank int\u00e9gr\u00e9e\u00a0<\/strong>&#8211;<strong>\u00a0<\/strong>Couleur: Noir &#8211; <span style=\"color: #ff0000;\">Garantie: 2mois<\/span><\/p>","protected":false},"featured_media":4635,"comment_status":"open","ping_status":"closed","template":"","meta":[],"store":[],"product_brand":[],"product_cat":[526,521],"product_tag":[],"class_list":{"0":"post-4632","1":"product","2":"type-product","3":"status-publish","4":"has-post-thumbnail","6":"product_cat-ecouteurs-sans-fil","7":"product_cat-photo-son","9":"first","10":"instock","11":"shipping-taxable","12":"purchasable","13":"product-type-simple"},"_links":{"self":[{"href":"https:\/\/mysmartservice.tn\/en\/wp-json\/wp\/v2\/product\/4632","targetHints":{"allow":["GET"]}}],"collection":[{"href":"https:\/\/mysmartservice.tn\/en\/wp-json\/wp\/v2\/product"}],"about":[{"href":"https:\/\/mysmartservice.tn\/en\/wp-json\/wp\/v2\/types\/product"}],"replies":[{"embeddable":true,"href":"https:\/\/mysmartservice.tn\/en\/wp-json\/wp\/v2\/comments?post=4632"}],"wp:featuredmedia":[{"embeddable":true,"href":"https:\/\/mysmartservice.tn\/en\/wp-json\/wp\/v2\/media\/4635"}],"wp:attachment":[{"href":"https:\/\/mysmartservice.tn\/en\/wp-json\/wp\/v2\/media?parent=4632"}],"wp:term":[{"taxonomy":"store","embeddable":true,"href":"https:\/\/mysmartservice.tn\/en\/wp-json\/wp\/v2\/store?post=4632"},{"taxonomy":"product_brand","embeddable":true,"href":"https:\/\/mysmartservice.tn\/en\/wp-json\/wp\/v2\/product_brand?post=4632"},{"taxonomy":"product_cat","embeddable":true,"href":"https:\/\/mysmartservice.tn\/en\/wp-json\/wp\/v2\/product_cat?post=4632"},{"taxonomy":"product_tag","embeddable":true,"href":"https:\/\/mysmartservice.tn\/en\/wp-json\/wp\/v2\/product_tag?post=4632"}],"curies":[{"name":"wp","href":"https:\/\/api.w.org\/{rel}","templated":true}]}}