{"id":4626,"date":"2025-07-01T23:00:22","date_gmt":"2025-07-01T23:00:22","guid":{"rendered":"https:\/\/mysmartservice.tn\/?post_type=product&#038;p=4626"},"modified":"2025-07-01T23:27:28","modified_gmt":"2025-07-01T23:27:28","slug":"go-pro-hero-13-noir","status":"publish","type":"product","link":"https:\/\/mysmartservice.tn\/en\/product\/go-pro-hero-13-noir\/","title":{"rendered":"GO PRO HERO 13 &#8211; Noir"},"content":{"rendered":"","protected":false},"excerpt":{"rendered":"<p>GO PRO HERO 13 &#8211;\u00a0<span style=\"color: #ff0000;\"><strong>\u00c9cran arri\u00e8re LCD tactile 2,27&Prime; &#8211; \u00c9cran avant LCD couleur 1,4&Prime; pour les selfies<\/strong>\u00a0<\/span><strong>&#8211;\u00a0Capteur d\u2019image 1\/1,9 pouces CMOS<\/strong>\u00a0<strong>27,6MP actifs (5599 x 4927)\u00a0<\/strong>\u2013 Processor:\u00a0<strong>GP2<\/strong>\u00a0&#8211;\u00a0<span style=\"color: #0000ff;\"><strong>Stabilisation vid\u00e9o HyperSmooth 6.0 avec verrouillage de l\u2019horizon \u00e0 360\u00b0<\/strong>\u00a0&#8211;\u00a0<strong>Vid\u00e9o Jusqu\u2019\u00e0 5.3K (16:9) \u00e0 30\/25\/24 ips<\/strong><\/span>\u00a0&#8211; Norme de compression vid\u00e9o H.265 (HEVC) &#8211; Zoom (Vid\u00e9o) Jusqu\u2019\u00e0 x2 &#8211; Diffusion en direct &#8211; Photos de 27MP, avec possibilit\u00e9 d\u2019extraire des images de 24,7MP \u00e0 partir des vid\u00e9os &#8211; Sortie photo: SuperPhoto, HDR, Standard, RAW &#8211; Retardateur photo &#8211; Ralentis jusqu\u2019\u00e0 x8 &#8211;\u00a0<span style=\"color: #ff0000;\"><strong>3 micros &#8211; Son st\u00e9r\u00e9o<\/strong>\u00a0&#8211;\u00a0<\/span><strong><span style=\"color: #ff0000;\">R\u00e9duction avanc\u00e9e du bruit<\/span>\u00a0<\/strong>&#8211; Audio sans fil &#8211;\u00a0<strong>Contr\u00f4le vocal\u00a0<\/strong>\u2013 Connectivity:\u00a0<strong><span style=\"color: #0000ff;\">WIFI 2.4\/5\/6GHz, Bluetooth 5.3\u00a0<\/span>&#8211;\u00a0<\/strong>Batterie Enduro 1900mAh amovible &#8211;\u00a0<span style=\"color: #ff0000;\"><strong>Robuste et \u00c9tanche jusqu\u2019\u00e0 10 m et 60 m avec bo\u00eetier de protection\u00a0<\/strong><\/span>&#8211; Temp\u00e9rature de fonctionnement: -10 \u00baC &#8211; 35 \u00baC &#8211; Dimensions: 71,8 x 50,8 x 33,6 mm &#8211; Poids: 159 g &#8211; Couleur: Noir &#8211; Garantie: 1 an<\/p>","protected":false},"featured_media":4630,"comment_status":"open","ping_status":"closed","template":"","meta":[],"store":[658],"product_brand":[],"product_cat":[522,521],"product_tag":[],"class_list":{"0":"post-4626","1":"product","2":"type-product","3":"status-publish","4":"has-post-thumbnail","6":"store-gopro","7":"product_cat-camera-daction","8":"product_cat-photo-son","10":"first","11":"instock","12":"shipping-taxable","13":"purchasable","14":"product-type-simple"},"_links":{"self":[{"href":"https:\/\/mysmartservice.tn\/en\/wp-json\/wp\/v2\/product\/4626","targetHints":{"allow":["GET"]}}],"collection":[{"href":"https:\/\/mysmartservice.tn\/en\/wp-json\/wp\/v2\/product"}],"about":[{"href":"https:\/\/mysmartservice.tn\/en\/wp-json\/wp\/v2\/types\/product"}],"replies":[{"embeddable":true,"href":"https:\/\/mysmartservice.tn\/en\/wp-json\/wp\/v2\/comments?post=4626"}],"wp:featuredmedia":[{"embeddable":true,"href":"https:\/\/mysmartservice.tn\/en\/wp-json\/wp\/v2\/media\/4630"}],"wp:attachment":[{"href":"https:\/\/mysmartservice.tn\/en\/wp-json\/wp\/v2\/media?parent=4626"}],"wp:term":[{"taxonomy":"store","embeddable":true,"href":"https:\/\/mysmartservice.tn\/en\/wp-json\/wp\/v2\/store?post=4626"},{"taxonomy":"product_brand","embeddable":true,"href":"https:\/\/mysmartservice.tn\/en\/wp-json\/wp\/v2\/product_brand?post=4626"},{"taxonomy":"product_cat","embeddable":true,"href":"https:\/\/mysmartservice.tn\/en\/wp-json\/wp\/v2\/product_cat?post=4626"},{"taxonomy":"product_tag","embeddable":true,"href":"https:\/\/mysmartservice.tn\/en\/wp-json\/wp\/v2\/product_tag?post=4626"}],"curies":[{"name":"wp","href":"https:\/\/api.w.org\/{rel}","templated":true}]}}