{"id":4611,"date":"2025-03-14T22:50:40","date_gmt":"2025-03-14T22:50:40","guid":{"rendered":"https:\/\/mysmartservice.tn\/?post_type=product&#038;p=4611"},"modified":"2025-03-14T22:55:41","modified_gmt":"2025-03-14T22:55:41","slug":"pantalon-3","status":"publish","type":"product","link":"https:\/\/mysmartservice.tn\/en\/product\/pantalon-3\/","title":{"rendered":"Pantalon"},"content":{"rendered":"","protected":false},"excerpt":{"rendered":"<p>Ce pantalon de costume en cloque gaufr\u00e9 beige est id\u00e9al pour un look chic et d\u00e9contract\u00e9. Sa coupe slim fit \u00e9pouse parfaitement les formes du corps. Il se ferme par un zip et un bouton, et dispose de deux poches lat\u00e9rales ainsi que de deux poches arri\u00e8re passepoil\u00e9es.<\/p>","protected":false},"featured_media":4613,"comment_status":"open","ping_status":"closed","template":"","meta":[],"store":[],"product_brand":[],"product_cat":[553,137,140],"product_tag":[],"class_list":{"0":"post-4611","1":"product","2":"type-product","3":"status-publish","4":"has-post-thumbnail","6":"product_cat-costumes","7":"product_cat-vetements","8":"product_cat-homme","10":"first","11":"instock","12":"shipping-taxable","13":"purchasable","14":"product-type-variable"},"_links":{"self":[{"href":"https:\/\/mysmartservice.tn\/en\/wp-json\/wp\/v2\/product\/4611","targetHints":{"allow":["GET"]}}],"collection":[{"href":"https:\/\/mysmartservice.tn\/en\/wp-json\/wp\/v2\/product"}],"about":[{"href":"https:\/\/mysmartservice.tn\/en\/wp-json\/wp\/v2\/types\/product"}],"replies":[{"embeddable":true,"href":"https:\/\/mysmartservice.tn\/en\/wp-json\/wp\/v2\/comments?post=4611"}],"wp:featuredmedia":[{"embeddable":true,"href":"https:\/\/mysmartservice.tn\/en\/wp-json\/wp\/v2\/media\/4613"}],"wp:attachment":[{"href":"https:\/\/mysmartservice.tn\/en\/wp-json\/wp\/v2\/media?parent=4611"}],"wp:term":[{"taxonomy":"store","embeddable":true,"href":"https:\/\/mysmartservice.tn\/en\/wp-json\/wp\/v2\/store?post=4611"},{"taxonomy":"product_brand","embeddable":true,"href":"https:\/\/mysmartservice.tn\/en\/wp-json\/wp\/v2\/product_brand?post=4611"},{"taxonomy":"product_cat","embeddable":true,"href":"https:\/\/mysmartservice.tn\/en\/wp-json\/wp\/v2\/product_cat?post=4611"},{"taxonomy":"product_tag","embeddable":true,"href":"https:\/\/mysmartservice.tn\/en\/wp-json\/wp\/v2\/product_tag?post=4611"}],"curies":[{"name":"wp","href":"https:\/\/api.w.org\/{rel}","templated":true}]}}