{"id":4607,"date":"2025-03-14T22:44:33","date_gmt":"2025-03-14T22:44:33","guid":{"rendered":"https:\/\/mysmartservice.tn\/?post_type=product&#038;p=4607"},"modified":"2025-03-14T22:49:34","modified_gmt":"2025-03-14T22:49:34","slug":"veste-3","status":"publish","type":"product","link":"https:\/\/mysmartservice.tn\/en\/product\/veste-3\/","title":{"rendered":"Veste"},"content":{"rendered":"","protected":false},"excerpt":{"rendered":"<p>Cette veste de costume en tweed marron \u00e0 carreaux beiges est parfaite pour afficher un look dandy \u00e9l\u00e9gant. Elle \u00e9pouse les formes du corps gr\u00e2ce \u00e0 sa coupe slim fit. Elle s&rsquo;ajuste avec deux boutons et comporte deux poches \u00e0 rabat sur le devant et une poche passepoil\u00e9e sur la poitrine. Elle est agr\u00e9ment\u00e9e d&rsquo;une jolie broche sur la poche poitrine qui lui donne du cachet.<\/p>","protected":false},"featured_media":4609,"comment_status":"open","ping_status":"closed","template":"","meta":[],"store":[],"product_brand":[],"product_cat":[553,137,140],"product_tag":[],"class_list":{"0":"post-4607","1":"product","2":"type-product","3":"status-publish","4":"has-post-thumbnail","6":"product_cat-costumes","7":"product_cat-vetements","8":"product_cat-homme","10":"first","11":"instock","12":"shipping-taxable","13":"purchasable","14":"product-type-variable"},"_links":{"self":[{"href":"https:\/\/mysmartservice.tn\/en\/wp-json\/wp\/v2\/product\/4607","targetHints":{"allow":["GET"]}}],"collection":[{"href":"https:\/\/mysmartservice.tn\/en\/wp-json\/wp\/v2\/product"}],"about":[{"href":"https:\/\/mysmartservice.tn\/en\/wp-json\/wp\/v2\/types\/product"}],"replies":[{"embeddable":true,"href":"https:\/\/mysmartservice.tn\/en\/wp-json\/wp\/v2\/comments?post=4607"}],"wp:featuredmedia":[{"embeddable":true,"href":"https:\/\/mysmartservice.tn\/en\/wp-json\/wp\/v2\/media\/4609"}],"wp:attachment":[{"href":"https:\/\/mysmartservice.tn\/en\/wp-json\/wp\/v2\/media?parent=4607"}],"wp:term":[{"taxonomy":"store","embeddable":true,"href":"https:\/\/mysmartservice.tn\/en\/wp-json\/wp\/v2\/store?post=4607"},{"taxonomy":"product_brand","embeddable":true,"href":"https:\/\/mysmartservice.tn\/en\/wp-json\/wp\/v2\/product_brand?post=4607"},{"taxonomy":"product_cat","embeddable":true,"href":"https:\/\/mysmartservice.tn\/en\/wp-json\/wp\/v2\/product_cat?post=4607"},{"taxonomy":"product_tag","embeddable":true,"href":"https:\/\/mysmartservice.tn\/en\/wp-json\/wp\/v2\/product_tag?post=4607"}],"curies":[{"name":"wp","href":"https:\/\/api.w.org\/{rel}","templated":true}]}}