{"id":4603,"date":"2025-03-14T00:12:32","date_gmt":"2025-03-14T00:12:32","guid":{"rendered":"https:\/\/mysmartservice.tn\/?post_type=product&#038;p=4603"},"modified":"2025-03-14T00:20:53","modified_gmt":"2025-03-14T00:20:53","slug":"pantalon-2","status":"publish","type":"product","link":"https:\/\/mysmartservice.tn\/en\/product\/pantalon-2\/","title":{"rendered":"Pantalon"},"content":{"rendered":"","protected":false},"excerpt":{"rendered":"<p>Pantalon en lin\u00a0 faux uni est id\u00e9al pour les journ\u00e9es chaudes. Il a une coupe slim fit qui met en valeur la silhouette et offre un confort optimal. Il se ferme par une ceinture zipp\u00e9e et boutonn\u00e9e, et dispose de 2 poches lat\u00e9rales pratiques et 2 poches arri\u00e8res passepoil\u00e9es boutonn\u00e9es pour un style \u00e9l\u00e9gant.<\/p>","protected":false},"featured_media":4605,"comment_status":"open","ping_status":"closed","template":"","meta":[],"store":[],"product_brand":[],"product_cat":[553,137,140],"product_tag":[],"class_list":{"0":"post-4603","1":"product","2":"type-product","3":"status-publish","4":"has-post-thumbnail","6":"product_cat-costumes","7":"product_cat-vetements","8":"product_cat-homme","10":"first","11":"instock","12":"shipping-taxable","13":"purchasable","14":"product-type-variable"},"_links":{"self":[{"href":"https:\/\/mysmartservice.tn\/en\/wp-json\/wp\/v2\/product\/4603","targetHints":{"allow":["GET"]}}],"collection":[{"href":"https:\/\/mysmartservice.tn\/en\/wp-json\/wp\/v2\/product"}],"about":[{"href":"https:\/\/mysmartservice.tn\/en\/wp-json\/wp\/v2\/types\/product"}],"replies":[{"embeddable":true,"href":"https:\/\/mysmartservice.tn\/en\/wp-json\/wp\/v2\/comments?post=4603"}],"wp:featuredmedia":[{"embeddable":true,"href":"https:\/\/mysmartservice.tn\/en\/wp-json\/wp\/v2\/media\/4605"}],"wp:attachment":[{"href":"https:\/\/mysmartservice.tn\/en\/wp-json\/wp\/v2\/media?parent=4603"}],"wp:term":[{"taxonomy":"store","embeddable":true,"href":"https:\/\/mysmartservice.tn\/en\/wp-json\/wp\/v2\/store?post=4603"},{"taxonomy":"product_brand","embeddable":true,"href":"https:\/\/mysmartservice.tn\/en\/wp-json\/wp\/v2\/product_brand?post=4603"},{"taxonomy":"product_cat","embeddable":true,"href":"https:\/\/mysmartservice.tn\/en\/wp-json\/wp\/v2\/product_cat?post=4603"},{"taxonomy":"product_tag","embeddable":true,"href":"https:\/\/mysmartservice.tn\/en\/wp-json\/wp\/v2\/product_tag?post=4603"}],"curies":[{"name":"wp","href":"https:\/\/api.w.org\/{rel}","templated":true}]}}