{"id":4598,"date":"2025-03-14T00:07:06","date_gmt":"2025-03-14T00:07:06","guid":{"rendered":"https:\/\/mysmartservice.tn\/?post_type=product&#038;p=4598"},"modified":"2025-03-14T00:10:38","modified_gmt":"2025-03-14T00:10:38","slug":"costume-3","status":"publish","type":"product","link":"https:\/\/mysmartservice.tn\/en\/product\/costume-3\/","title":{"rendered":"Costume"},"content":{"rendered":"","protected":false},"excerpt":{"rendered":"<p>Costume 3 pi\u00e8ces<\/p>\n<p><strong>Veste<\/strong>\u00a0avec col \u00e0 revers et manches longues avec poignets boutonn\u00e9s<\/p>\n<p>Poche poitrine passepoil\u00e9e et poches \u00e0 rabat sur les c\u00f4t\u00e9s.<\/p>\n<p><strong>Gilet de costume<\/strong>\u00a0avec fermeture \u00e0 3 boutons sur le devant et patte r\u00e9glable sur le dos<\/p>\n<p><strong>Pantalon<\/strong>\u00a0fluide avec poches sur les hanches et fermeture par zip et bouton<\/p>","protected":false},"featured_media":4601,"comment_status":"open","ping_status":"closed","template":"","meta":[],"store":[],"product_brand":[],"product_cat":[553,137,140],"product_tag":[],"class_list":{"0":"post-4598","1":"product","2":"type-product","3":"status-publish","4":"has-post-thumbnail","6":"product_cat-costumes","7":"product_cat-vetements","8":"product_cat-homme","10":"first","11":"instock","12":"shipping-taxable","13":"purchasable","14":"product-type-variable"},"_links":{"self":[{"href":"https:\/\/mysmartservice.tn\/en\/wp-json\/wp\/v2\/product\/4598","targetHints":{"allow":["GET"]}}],"collection":[{"href":"https:\/\/mysmartservice.tn\/en\/wp-json\/wp\/v2\/product"}],"about":[{"href":"https:\/\/mysmartservice.tn\/en\/wp-json\/wp\/v2\/types\/product"}],"replies":[{"embeddable":true,"href":"https:\/\/mysmartservice.tn\/en\/wp-json\/wp\/v2\/comments?post=4598"}],"wp:featuredmedia":[{"embeddable":true,"href":"https:\/\/mysmartservice.tn\/en\/wp-json\/wp\/v2\/media\/4601"}],"wp:attachment":[{"href":"https:\/\/mysmartservice.tn\/en\/wp-json\/wp\/v2\/media?parent=4598"}],"wp:term":[{"taxonomy":"store","embeddable":true,"href":"https:\/\/mysmartservice.tn\/en\/wp-json\/wp\/v2\/store?post=4598"},{"taxonomy":"product_brand","embeddable":true,"href":"https:\/\/mysmartservice.tn\/en\/wp-json\/wp\/v2\/product_brand?post=4598"},{"taxonomy":"product_cat","embeddable":true,"href":"https:\/\/mysmartservice.tn\/en\/wp-json\/wp\/v2\/product_cat?post=4598"},{"taxonomy":"product_tag","embeddable":true,"href":"https:\/\/mysmartservice.tn\/en\/wp-json\/wp\/v2\/product_tag?post=4598"}],"curies":[{"name":"wp","href":"https:\/\/api.w.org\/{rel}","templated":true}]}}