{"id":4593,"date":"2025-03-14T00:01:08","date_gmt":"2025-03-14T00:01:08","guid":{"rendered":"https:\/\/mysmartservice.tn\/?post_type=product&#038;p=4593"},"modified":"2025-03-14T00:05:11","modified_gmt":"2025-03-14T00:05:11","slug":"costume-2","status":"publish","type":"product","link":"https:\/\/mysmartservice.tn\/en\/product\/costume-2\/","title":{"rendered":"Costume"},"content":{"rendered":"","protected":false},"excerpt":{"rendered":"<p>Costume 2 pi\u00e8ces veste et pantalon.<\/p>\n<p>Veste fluide avec col \u00e0 revers en pointe, manches longues et poignets boutonn\u00e9s. Poche poitrine \u00e0 double passepoil et poches \u00e0 rabat sur les hanches. Poches int\u00e9rieures. Fermeture par boutons sur le devant.<\/p>\n<p>Pantalon fluide avec poches sur les c\u00f4t\u00e9s et poches passepoil\u00e9es \u00e0 l&rsquo;arri\u00e8re. Fermeture avant par zip et bouton.<\/p>","protected":false},"featured_media":4596,"comment_status":"open","ping_status":"closed","template":"","meta":[],"store":[],"product_brand":[],"product_cat":[553,137,140],"product_tag":[],"class_list":{"0":"post-4593","1":"product","2":"type-product","3":"status-publish","4":"has-post-thumbnail","6":"product_cat-costumes","7":"product_cat-vetements","8":"product_cat-homme","10":"first","11":"instock","12":"shipping-taxable","13":"purchasable","14":"product-type-variable"},"_links":{"self":[{"href":"https:\/\/mysmartservice.tn\/en\/wp-json\/wp\/v2\/product\/4593","targetHints":{"allow":["GET"]}}],"collection":[{"href":"https:\/\/mysmartservice.tn\/en\/wp-json\/wp\/v2\/product"}],"about":[{"href":"https:\/\/mysmartservice.tn\/en\/wp-json\/wp\/v2\/types\/product"}],"replies":[{"embeddable":true,"href":"https:\/\/mysmartservice.tn\/en\/wp-json\/wp\/v2\/comments?post=4593"}],"wp:featuredmedia":[{"embeddable":true,"href":"https:\/\/mysmartservice.tn\/en\/wp-json\/wp\/v2\/media\/4596"}],"wp:attachment":[{"href":"https:\/\/mysmartservice.tn\/en\/wp-json\/wp\/v2\/media?parent=4593"}],"wp:term":[{"taxonomy":"store","embeddable":true,"href":"https:\/\/mysmartservice.tn\/en\/wp-json\/wp\/v2\/store?post=4593"},{"taxonomy":"product_brand","embeddable":true,"href":"https:\/\/mysmartservice.tn\/en\/wp-json\/wp\/v2\/product_brand?post=4593"},{"taxonomy":"product_cat","embeddable":true,"href":"https:\/\/mysmartservice.tn\/en\/wp-json\/wp\/v2\/product_cat?post=4593"},{"taxonomy":"product_tag","embeddable":true,"href":"https:\/\/mysmartservice.tn\/en\/wp-json\/wp\/v2\/product_tag?post=4593"}],"curies":[{"name":"wp","href":"https:\/\/api.w.org\/{rel}","templated":true}]}}