{"id":4578,"date":"2025-03-13T23:40:19","date_gmt":"2025-03-13T23:40:19","guid":{"rendered":"https:\/\/mysmartservice.tn\/?post_type=product&#038;p=4578"},"modified":"2025-03-13T23:46:22","modified_gmt":"2025-03-13T23:46:22","slug":"veste-2","status":"publish","type":"product","link":"https:\/\/mysmartservice.tn\/en\/product\/veste-2\/","title":{"rendered":"Veste"},"content":{"rendered":"","protected":false},"excerpt":{"rendered":"<p>Veste de costume crois\u00e9e, au tomb\u00e9 impeccable est l&rsquo;alli\u00e9 mode de vos soir\u00e9es habill\u00e9e. Sa coupe slim fit met en valeur la morphologie, sa fermeture crois\u00e9e par 6 boutons apporte une touche distingu\u00e9e et originale. Elle dispose de trois poches : 2 poches passepoil\u00e9es sur le devant et une poche poitrine et de 2 fentes d&rsquo;aisance au dos.<\/p>","protected":false},"featured_media":4580,"comment_status":"open","ping_status":"closed","template":"","meta":[],"store":[],"product_brand":[],"product_cat":[553,137,140],"product_tag":[],"class_list":{"0":"post-4578","1":"product","2":"type-product","3":"status-publish","4":"has-post-thumbnail","6":"product_cat-costumes","7":"product_cat-vetements","8":"product_cat-homme","10":"first","11":"instock","12":"shipping-taxable","13":"purchasable","14":"product-type-variable"},"_links":{"self":[{"href":"https:\/\/mysmartservice.tn\/en\/wp-json\/wp\/v2\/product\/4578","targetHints":{"allow":["GET"]}}],"collection":[{"href":"https:\/\/mysmartservice.tn\/en\/wp-json\/wp\/v2\/product"}],"about":[{"href":"https:\/\/mysmartservice.tn\/en\/wp-json\/wp\/v2\/types\/product"}],"replies":[{"embeddable":true,"href":"https:\/\/mysmartservice.tn\/en\/wp-json\/wp\/v2\/comments?post=4578"}],"wp:featuredmedia":[{"embeddable":true,"href":"https:\/\/mysmartservice.tn\/en\/wp-json\/wp\/v2\/media\/4580"}],"wp:attachment":[{"href":"https:\/\/mysmartservice.tn\/en\/wp-json\/wp\/v2\/media?parent=4578"}],"wp:term":[{"taxonomy":"store","embeddable":true,"href":"https:\/\/mysmartservice.tn\/en\/wp-json\/wp\/v2\/store?post=4578"},{"taxonomy":"product_brand","embeddable":true,"href":"https:\/\/mysmartservice.tn\/en\/wp-json\/wp\/v2\/product_brand?post=4578"},{"taxonomy":"product_cat","embeddable":true,"href":"https:\/\/mysmartservice.tn\/en\/wp-json\/wp\/v2\/product_cat?post=4578"},{"taxonomy":"product_tag","embeddable":true,"href":"https:\/\/mysmartservice.tn\/en\/wp-json\/wp\/v2\/product_tag?post=4578"}],"curies":[{"name":"wp","href":"https:\/\/api.w.org\/{rel}","templated":true}]}}