{"id":4574,"date":"2025-03-13T23:26:22","date_gmt":"2025-03-13T23:26:22","guid":{"rendered":"https:\/\/mysmartservice.tn\/?post_type=product&#038;p=4574"},"modified":"2025-03-13T23:39:07","modified_gmt":"2025-03-13T23:39:07","slug":"veste","status":"publish","type":"product","link":"https:\/\/mysmartservice.tn\/en\/product\/veste\/","title":{"rendered":"Veste"},"content":{"rendered":"","protected":false},"excerpt":{"rendered":"<p>Une veste bleue classique en tweed de coupe slim fit\u00a0avec\u00a0une fermeture\u00a0de deux boutons\u00a0elle poss\u00e9de 2 poches \u00e0 rabat avant, ainsi qu&rsquo;une poche poitrine pour y glisser votre mouchoir. Cette veste est \u00e9l\u00e9gante\u00a0, confortable et\u00a0parfaite pour les occasions formelles ou d\u00e9contract\u00e9es<\/p>","protected":false},"featured_media":4576,"comment_status":"open","ping_status":"closed","template":"","meta":[],"store":[],"product_brand":[],"product_cat":[553,137,140],"product_tag":[],"class_list":{"0":"post-4574","1":"product","2":"type-product","3":"status-publish","4":"has-post-thumbnail","6":"product_cat-costumes","7":"product_cat-vetements","8":"product_cat-homme","10":"first","11":"instock","12":"shipping-taxable","13":"purchasable","14":"product-type-variable"},"_links":{"self":[{"href":"https:\/\/mysmartservice.tn\/en\/wp-json\/wp\/v2\/product\/4574","targetHints":{"allow":["GET"]}}],"collection":[{"href":"https:\/\/mysmartservice.tn\/en\/wp-json\/wp\/v2\/product"}],"about":[{"href":"https:\/\/mysmartservice.tn\/en\/wp-json\/wp\/v2\/types\/product"}],"replies":[{"embeddable":true,"href":"https:\/\/mysmartservice.tn\/en\/wp-json\/wp\/v2\/comments?post=4574"}],"wp:featuredmedia":[{"embeddable":true,"href":"https:\/\/mysmartservice.tn\/en\/wp-json\/wp\/v2\/media\/4576"}],"wp:attachment":[{"href":"https:\/\/mysmartservice.tn\/en\/wp-json\/wp\/v2\/media?parent=4574"}],"wp:term":[{"taxonomy":"store","embeddable":true,"href":"https:\/\/mysmartservice.tn\/en\/wp-json\/wp\/v2\/store?post=4574"},{"taxonomy":"product_brand","embeddable":true,"href":"https:\/\/mysmartservice.tn\/en\/wp-json\/wp\/v2\/product_brand?post=4574"},{"taxonomy":"product_cat","embeddable":true,"href":"https:\/\/mysmartservice.tn\/en\/wp-json\/wp\/v2\/product_cat?post=4574"},{"taxonomy":"product_tag","embeddable":true,"href":"https:\/\/mysmartservice.tn\/en\/wp-json\/wp\/v2\/product_tag?post=4574"}],"curies":[{"name":"wp","href":"https:\/\/api.w.org\/{rel}","templated":true}]}}