{"id":4426,"date":"2025-03-09T17:55:16","date_gmt":"2025-03-09T17:55:16","guid":{"rendered":"https:\/\/mysmartservice.tn\/?post_type=product&#038;p=4426"},"modified":"2025-03-09T22:57:41","modified_gmt":"2025-03-09T22:57:41","slug":"ensemble-nuisette-2","status":"publish","type":"product","link":"https:\/\/mysmartservice.tn\/en\/product\/ensemble-nuisette-2\/","title":{"rendered":"Ensemble Nuisette"},"content":{"rendered":"","protected":false},"excerpt":{"rendered":"<ul>\n<li>Ensemble 2 pi\u00e8ces :<\/li>\n<li>1 nuisette en tulle avec SG int\u00e9gr\u00e9 tout dentelle padd\u00e9<\/li>\n<li>Avec armatures n\u0153ud satin\u00e9 d\u00e9coratif \u00e0 l\u2019entrebonnet<\/li>\n<li>Bretelles r\u00e9glables<\/li>\n<li>Fermetures au dos par agrafes et string tout dentelle n\u0153ud satin\u00e9 d\u00e9coratif \u00e0 l\u2019avant fond double<\/li>\n<\/ul>","protected":false},"featured_media":4434,"comment_status":"open","ping_status":"closed","template":"","meta":[],"store":[],"product_brand":[],"product_cat":[560,555,137,139],"product_tag":[],"class_list":{"0":"post-4426","1":"product","2":"type-product","3":"status-publish","4":"has-post-thumbnail","6":"product_cat-nuisettes","7":"product_cat-sous-vetement","8":"product_cat-vetements","9":"product_cat-femme","11":"first","12":"instock","13":"shipping-taxable","14":"purchasable","15":"product-type-variable"},"_links":{"self":[{"href":"https:\/\/mysmartservice.tn\/en\/wp-json\/wp\/v2\/product\/4426","targetHints":{"allow":["GET"]}}],"collection":[{"href":"https:\/\/mysmartservice.tn\/en\/wp-json\/wp\/v2\/product"}],"about":[{"href":"https:\/\/mysmartservice.tn\/en\/wp-json\/wp\/v2\/types\/product"}],"replies":[{"embeddable":true,"href":"https:\/\/mysmartservice.tn\/en\/wp-json\/wp\/v2\/comments?post=4426"}],"wp:featuredmedia":[{"embeddable":true,"href":"https:\/\/mysmartservice.tn\/en\/wp-json\/wp\/v2\/media\/4434"}],"wp:attachment":[{"href":"https:\/\/mysmartservice.tn\/en\/wp-json\/wp\/v2\/media?parent=4426"}],"wp:term":[{"taxonomy":"store","embeddable":true,"href":"https:\/\/mysmartservice.tn\/en\/wp-json\/wp\/v2\/store?post=4426"},{"taxonomy":"product_brand","embeddable":true,"href":"https:\/\/mysmartservice.tn\/en\/wp-json\/wp\/v2\/product_brand?post=4426"},{"taxonomy":"product_cat","embeddable":true,"href":"https:\/\/mysmartservice.tn\/en\/wp-json\/wp\/v2\/product_cat?post=4426"},{"taxonomy":"product_tag","embeddable":true,"href":"https:\/\/mysmartservice.tn\/en\/wp-json\/wp\/v2\/product_tag?post=4426"}],"curies":[{"name":"wp","href":"https:\/\/api.w.org\/{rel}","templated":true}]}}