{"id":4358,"date":"2025-03-09T00:01:36","date_gmt":"2025-03-09T00:01:36","guid":{"rendered":"https:\/\/mysmartservice.tn\/?post_type=product&#038;p=4358"},"modified":"2025-03-09T00:28:53","modified_gmt":"2025-03-09T00:28:53","slug":"ensemble-trois-pieces","status":"publish","type":"product","link":"https:\/\/mysmartservice.tn\/en\/product\/ensemble-trois-pieces\/","title":{"rendered":"Ensemble trois pi\u00e8ces"},"content":{"rendered":"","protected":false},"excerpt":{"rendered":"<ul>\n<li>Ensemble trois pi\u00e8ces : haut, pantalon et pull sans manche.<\/li>\n<li>Haut ajust\u00e9 avec manches longues et col montant.<\/li>\n<li>Pantalon droit offrant une allure chic et confortable.<\/li>\n<li>Mati\u00e8re douce et agr\u00e9able, id\u00e9ale pour un usage quotidien ou \u00e9v\u00e9nementiel.<\/li>\n<\/ul>","protected":false},"featured_media":4365,"comment_status":"open","ping_status":"closed","template":"","meta":[],"store":[],"product_brand":[],"product_cat":[547,137,139],"product_tag":[],"class_list":{"0":"post-4358","1":"product","2":"type-product","3":"status-publish","4":"has-post-thumbnail","6":"product_cat-survetement","7":"product_cat-vetements","8":"product_cat-femme","10":"first","11":"instock","12":"shipping-taxable","13":"purchasable","14":"product-type-variable"},"_links":{"self":[{"href":"https:\/\/mysmartservice.tn\/en\/wp-json\/wp\/v2\/product\/4358","targetHints":{"allow":["GET"]}}],"collection":[{"href":"https:\/\/mysmartservice.tn\/en\/wp-json\/wp\/v2\/product"}],"about":[{"href":"https:\/\/mysmartservice.tn\/en\/wp-json\/wp\/v2\/types\/product"}],"replies":[{"embeddable":true,"href":"https:\/\/mysmartservice.tn\/en\/wp-json\/wp\/v2\/comments?post=4358"}],"wp:featuredmedia":[{"embeddable":true,"href":"https:\/\/mysmartservice.tn\/en\/wp-json\/wp\/v2\/media\/4365"}],"wp:attachment":[{"href":"https:\/\/mysmartservice.tn\/en\/wp-json\/wp\/v2\/media?parent=4358"}],"wp:term":[{"taxonomy":"store","embeddable":true,"href":"https:\/\/mysmartservice.tn\/en\/wp-json\/wp\/v2\/store?post=4358"},{"taxonomy":"product_brand","embeddable":true,"href":"https:\/\/mysmartservice.tn\/en\/wp-json\/wp\/v2\/product_brand?post=4358"},{"taxonomy":"product_cat","embeddable":true,"href":"https:\/\/mysmartservice.tn\/en\/wp-json\/wp\/v2\/product_cat?post=4358"},{"taxonomy":"product_tag","embeddable":true,"href":"https:\/\/mysmartservice.tn\/en\/wp-json\/wp\/v2\/product_tag?post=4358"}],"curies":[{"name":"wp","href":"https:\/\/api.w.org\/{rel}","templated":true}]}}