{"id":4352,"date":"2025-03-08T23:54:32","date_gmt":"2025-03-08T23:54:32","guid":{"rendered":"https:\/\/mysmartservice.tn\/?post_type=product&#038;p=4352"},"modified":"2025-03-08T23:59:36","modified_gmt":"2025-03-08T23:59:36","slug":"ensemble-de-survetement-2","status":"publish","type":"product","link":"https:\/\/mysmartservice.tn\/en\/product\/ensemble-de-survetement-2\/","title":{"rendered":"Ensemble De Surv\u00eatement"},"content":{"rendered":"","protected":false},"excerpt":{"rendered":"<ul>\n<li>Ensemble Surv\u00eatement deux pi\u00e8ces pour femme.<\/li>\n<li>Sweat \u00e0 capuche se ferme \u00e0 l\u2019aide d\u2019un zip avec liens et dot\u00e9 deux poches<\/li>\n<li>Pantalon jogging avec \u00e9lastique dot\u00e9 de 2 poches sur les c\u00f4t\u00e9s<\/li>\n<li>Manches longue<\/li>\n<li>Composition : 95% coton et 5% \u00e9lasthanne<\/li>\n<\/ul>","protected":false},"featured_media":4354,"comment_status":"open","ping_status":"closed","template":"","meta":[],"store":[],"product_brand":[],"product_cat":[547,137,139],"product_tag":[],"class_list":{"0":"post-4352","1":"product","2":"type-product","3":"status-publish","4":"has-post-thumbnail","6":"product_cat-survetement","7":"product_cat-vetements","8":"product_cat-femme","10":"first","11":"instock","12":"shipping-taxable","13":"purchasable","14":"product-type-variable"},"_links":{"self":[{"href":"https:\/\/mysmartservice.tn\/en\/wp-json\/wp\/v2\/product\/4352","targetHints":{"allow":["GET"]}}],"collection":[{"href":"https:\/\/mysmartservice.tn\/en\/wp-json\/wp\/v2\/product"}],"about":[{"href":"https:\/\/mysmartservice.tn\/en\/wp-json\/wp\/v2\/types\/product"}],"replies":[{"embeddable":true,"href":"https:\/\/mysmartservice.tn\/en\/wp-json\/wp\/v2\/comments?post=4352"}],"wp:featuredmedia":[{"embeddable":true,"href":"https:\/\/mysmartservice.tn\/en\/wp-json\/wp\/v2\/media\/4354"}],"wp:attachment":[{"href":"https:\/\/mysmartservice.tn\/en\/wp-json\/wp\/v2\/media?parent=4352"}],"wp:term":[{"taxonomy":"store","embeddable":true,"href":"https:\/\/mysmartservice.tn\/en\/wp-json\/wp\/v2\/store?post=4352"},{"taxonomy":"product_brand","embeddable":true,"href":"https:\/\/mysmartservice.tn\/en\/wp-json\/wp\/v2\/product_brand?post=4352"},{"taxonomy":"product_cat","embeddable":true,"href":"https:\/\/mysmartservice.tn\/en\/wp-json\/wp\/v2\/product_cat?post=4352"},{"taxonomy":"product_tag","embeddable":true,"href":"https:\/\/mysmartservice.tn\/en\/wp-json\/wp\/v2\/product_tag?post=4352"}],"curies":[{"name":"wp","href":"https:\/\/api.w.org\/{rel}","templated":true}]}}