{"id":4313,"date":"2025-03-08T00:37:57","date_gmt":"2025-03-08T00:37:57","guid":{"rendered":"https:\/\/mysmartservice.tn\/?post_type=product&#038;p=4313"},"modified":"2025-03-08T17:07:58","modified_gmt":"2025-03-08T17:07:58","slug":"ensemble-veste-et-pantalon","status":"publish","type":"product","link":"https:\/\/mysmartservice.tn\/en\/product\/ensemble-veste-et-pantalon\/","title":{"rendered":"ENSEMBLE VESTE ET PANTALON"},"content":{"rendered":"","protected":false},"excerpt":{"rendered":"<ul>\n<li>Veste de tailleur avec une coupe droite et structur\u00e9e.<\/li>\n<li>Revers classiques.<\/li>\n<li>Poches \u00e0 rabat sur les c\u00f4t\u00e9s.<\/li>\n<li>Longueur standard, couvrant l\u00e9g\u00e8rement les hanches.<\/li>\n<li>Pantalon droit, l\u00e9g\u00e8rement ample pour un confort optimal.<\/li>\n<li>Descend jusqu\u2019aux chevilles, adapt\u00e9 \u00e0 des chaussures habill\u00e9es.<\/li>\n<\/ul>","protected":false},"featured_media":4315,"comment_status":"open","ping_status":"closed","template":"","meta":[],"store":[],"product_brand":[],"product_cat":[547,137,139],"product_tag":[],"class_list":{"0":"post-4313","1":"product","2":"type-product","3":"status-publish","4":"has-post-thumbnail","6":"product_cat-survetement","7":"product_cat-vetements","8":"product_cat-femme","10":"first","11":"instock","12":"shipping-taxable","13":"purchasable","14":"product-type-variable"},"_links":{"self":[{"href":"https:\/\/mysmartservice.tn\/en\/wp-json\/wp\/v2\/product\/4313","targetHints":{"allow":["GET"]}}],"collection":[{"href":"https:\/\/mysmartservice.tn\/en\/wp-json\/wp\/v2\/product"}],"about":[{"href":"https:\/\/mysmartservice.tn\/en\/wp-json\/wp\/v2\/types\/product"}],"replies":[{"embeddable":true,"href":"https:\/\/mysmartservice.tn\/en\/wp-json\/wp\/v2\/comments?post=4313"}],"wp:featuredmedia":[{"embeddable":true,"href":"https:\/\/mysmartservice.tn\/en\/wp-json\/wp\/v2\/media\/4315"}],"wp:attachment":[{"href":"https:\/\/mysmartservice.tn\/en\/wp-json\/wp\/v2\/media?parent=4313"}],"wp:term":[{"taxonomy":"store","embeddable":true,"href":"https:\/\/mysmartservice.tn\/en\/wp-json\/wp\/v2\/store?post=4313"},{"taxonomy":"product_brand","embeddable":true,"href":"https:\/\/mysmartservice.tn\/en\/wp-json\/wp\/v2\/product_brand?post=4313"},{"taxonomy":"product_cat","embeddable":true,"href":"https:\/\/mysmartservice.tn\/en\/wp-json\/wp\/v2\/product_cat?post=4313"},{"taxonomy":"product_tag","embeddable":true,"href":"https:\/\/mysmartservice.tn\/en\/wp-json\/wp\/v2\/product_tag?post=4313"}],"curies":[{"name":"wp","href":"https:\/\/api.w.org\/{rel}","templated":true}]}}