{"id":4303,"date":"2025-03-08T00:29:33","date_gmt":"2025-03-08T00:29:33","guid":{"rendered":"https:\/\/mysmartservice.tn\/?post_type=product&#038;p=4303"},"modified":"2025-03-08T17:08:45","modified_gmt":"2025-03-08T17:08:45","slug":"ensemble-femme-2","status":"publish","type":"product","link":"https:\/\/mysmartservice.tn\/en\/product\/ensemble-femme-2\/","title":{"rendered":"Ensemble femme"},"content":{"rendered":"","protected":false},"excerpt":{"rendered":"<ul>\n<li><strong>Haut ajust\u00e9<\/strong>\u00a0\u00e0 manches longues avec col en V et boutons \u00e9l\u00e9gants.<\/li>\n<li><strong>D\u00e9tails contrastants<\/strong>\u00a0au niveau des bordures et des poches pour un look sophistiqu\u00e9.<\/li>\n<li><strong>Pantalon droit et fluide<\/strong>, avec bandes lat\u00e9rales noires ajoutant une touche chic.<\/li>\n<li><strong>Style<\/strong>\u00a0: D\u00e9contract\u00e9 et \u00e9l\u00e9gant, parfait pour un usage quotidien.<\/li>\n<li><strong>Mati\u00e8re confortable<\/strong>, id\u00e9ale pour \u00eatre \u00e0 l\u2019aise tout au long de la journ\u00e9e.<\/li>\n<\/ul>","protected":false},"featured_media":4305,"comment_status":"open","ping_status":"closed","template":"","meta":[],"store":[],"product_brand":[],"product_cat":[547,137,139],"product_tag":[],"class_list":{"0":"post-4303","1":"product","2":"type-product","3":"status-publish","4":"has-post-thumbnail","6":"product_cat-survetement","7":"product_cat-vetements","8":"product_cat-femme","10":"first","11":"instock","12":"shipping-taxable","13":"purchasable","14":"product-type-variable"},"_links":{"self":[{"href":"https:\/\/mysmartservice.tn\/en\/wp-json\/wp\/v2\/product\/4303","targetHints":{"allow":["GET"]}}],"collection":[{"href":"https:\/\/mysmartservice.tn\/en\/wp-json\/wp\/v2\/product"}],"about":[{"href":"https:\/\/mysmartservice.tn\/en\/wp-json\/wp\/v2\/types\/product"}],"replies":[{"embeddable":true,"href":"https:\/\/mysmartservice.tn\/en\/wp-json\/wp\/v2\/comments?post=4303"}],"wp:featuredmedia":[{"embeddable":true,"href":"https:\/\/mysmartservice.tn\/en\/wp-json\/wp\/v2\/media\/4305"}],"wp:attachment":[{"href":"https:\/\/mysmartservice.tn\/en\/wp-json\/wp\/v2\/media?parent=4303"}],"wp:term":[{"taxonomy":"store","embeddable":true,"href":"https:\/\/mysmartservice.tn\/en\/wp-json\/wp\/v2\/store?post=4303"},{"taxonomy":"product_brand","embeddable":true,"href":"https:\/\/mysmartservice.tn\/en\/wp-json\/wp\/v2\/product_brand?post=4303"},{"taxonomy":"product_cat","embeddable":true,"href":"https:\/\/mysmartservice.tn\/en\/wp-json\/wp\/v2\/product_cat?post=4303"},{"taxonomy":"product_tag","embeddable":true,"href":"https:\/\/mysmartservice.tn\/en\/wp-json\/wp\/v2\/product_tag?post=4303"}],"curies":[{"name":"wp","href":"https:\/\/api.w.org\/{rel}","templated":true}]}}