{"id":4272,"date":"2025-03-07T09:46:57","date_gmt":"2025-03-07T09:46:57","guid":{"rendered":"https:\/\/mysmartservice.tn\/?post_type=product&#038;p=4272"},"modified":"2025-03-08T17:09:46","modified_gmt":"2025-03-08T17:09:46","slug":"robe-longue-satinee","status":"publish","type":"product","link":"https:\/\/mysmartservice.tn\/en\/product\/robe-longue-satinee\/","title":{"rendered":"Robe Longue Satin\u00e9e"},"content":{"rendered":"","protected":false},"excerpt":{"rendered":"<ul>\n<li>Robe longue satin\u00e9e bustier moulante \u00e0 fronce<\/li>\n<li>Longueur : Longs<\/li>\n<li>Dot\u00e9e de deux fentes sur les c\u00f4t\u00e9s<\/li>\n<li>Longueur V\u00eatement : 140 cm<\/li>\n<li>Composition : 100% polyester<\/li>\n<\/ul>","protected":false},"featured_media":4273,"comment_status":"open","ping_status":"closed","template":"","meta":[],"store":[],"product_brand":[],"product_cat":[554,137,139],"product_tag":[],"class_list":{"0":"post-4272","1":"product","2":"type-product","3":"status-publish","4":"has-post-thumbnail","6":"product_cat-robe-mariage","7":"product_cat-vetements","8":"product_cat-femme","10":"first","11":"instock","12":"shipping-taxable","13":"purchasable","14":"product-type-variable"},"_links":{"self":[{"href":"https:\/\/mysmartservice.tn\/en\/wp-json\/wp\/v2\/product\/4272","targetHints":{"allow":["GET"]}}],"collection":[{"href":"https:\/\/mysmartservice.tn\/en\/wp-json\/wp\/v2\/product"}],"about":[{"href":"https:\/\/mysmartservice.tn\/en\/wp-json\/wp\/v2\/types\/product"}],"replies":[{"embeddable":true,"href":"https:\/\/mysmartservice.tn\/en\/wp-json\/wp\/v2\/comments?post=4272"}],"wp:featuredmedia":[{"embeddable":true,"href":"https:\/\/mysmartservice.tn\/en\/wp-json\/wp\/v2\/media\/4273"}],"wp:attachment":[{"href":"https:\/\/mysmartservice.tn\/en\/wp-json\/wp\/v2\/media?parent=4272"}],"wp:term":[{"taxonomy":"store","embeddable":true,"href":"https:\/\/mysmartservice.tn\/en\/wp-json\/wp\/v2\/store?post=4272"},{"taxonomy":"product_brand","embeddable":true,"href":"https:\/\/mysmartservice.tn\/en\/wp-json\/wp\/v2\/product_brand?post=4272"},{"taxonomy":"product_cat","embeddable":true,"href":"https:\/\/mysmartservice.tn\/en\/wp-json\/wp\/v2\/product_cat?post=4272"},{"taxonomy":"product_tag","embeddable":true,"href":"https:\/\/mysmartservice.tn\/en\/wp-json\/wp\/v2\/product_tag?post=4272"}],"curies":[{"name":"wp","href":"https:\/\/api.w.org\/{rel}","templated":true}]}}