{"id":4222,"date":"2025-03-06T23:51:05","date_gmt":"2025-03-06T23:51:05","guid":{"rendered":"https:\/\/mysmartservice.tn\/?post_type=product&#038;p=4222"},"modified":"2025-03-08T16:57:11","modified_gmt":"2025-03-08T16:57:11","slug":"robe-femme","status":"publish","type":"product","link":"https:\/\/mysmartservice.tn\/en\/product\/robe-femme\/","title":{"rendered":"robe femme"},"content":{"rendered":"","protected":false},"excerpt":{"rendered":"<ul>\n<li>Robe longue.<\/li>\n<li>Col roul\u00e9 \u00e9l\u00e9gant.<\/li>\n<li>Manches longues ajust\u00e9es.<\/li>\n<li>Coupe cintr\u00e9e .<\/li>\n<li>Tissu c\u00f4tel\u00e9 offrant texture et confort.<\/li>\n<li>Style chic et polyvalent, adapt\u00e9 \u00e0 diff\u00e9rentes occasion<\/li>\n<li>\u00c9change possible : Vous ne payez que les frais de livraison pour le second colis.<\/li>\n<li>D\u00e9lai d\u2019\u00e9change : Maximum 1 jour.<\/li>\n<\/ul>","protected":false},"featured_media":4226,"comment_status":"open","ping_status":"closed","template":"","meta":[],"store":[],"product_brand":[],"product_cat":[554,137,139],"product_tag":[],"class_list":{"0":"post-4222","1":"product","2":"type-product","3":"status-publish","4":"has-post-thumbnail","6":"product_cat-robe-mariage","7":"product_cat-vetements","8":"product_cat-femme","10":"first","11":"instock","12":"shipping-taxable","13":"purchasable","14":"product-type-variable"},"_links":{"self":[{"href":"https:\/\/mysmartservice.tn\/en\/wp-json\/wp\/v2\/product\/4222","targetHints":{"allow":["GET"]}}],"collection":[{"href":"https:\/\/mysmartservice.tn\/en\/wp-json\/wp\/v2\/product"}],"about":[{"href":"https:\/\/mysmartservice.tn\/en\/wp-json\/wp\/v2\/types\/product"}],"replies":[{"embeddable":true,"href":"https:\/\/mysmartservice.tn\/en\/wp-json\/wp\/v2\/comments?post=4222"}],"wp:featuredmedia":[{"embeddable":true,"href":"https:\/\/mysmartservice.tn\/en\/wp-json\/wp\/v2\/media\/4226"}],"wp:attachment":[{"href":"https:\/\/mysmartservice.tn\/en\/wp-json\/wp\/v2\/media?parent=4222"}],"wp:term":[{"taxonomy":"store","embeddable":true,"href":"https:\/\/mysmartservice.tn\/en\/wp-json\/wp\/v2\/store?post=4222"},{"taxonomy":"product_brand","embeddable":true,"href":"https:\/\/mysmartservice.tn\/en\/wp-json\/wp\/v2\/product_brand?post=4222"},{"taxonomy":"product_cat","embeddable":true,"href":"https:\/\/mysmartservice.tn\/en\/wp-json\/wp\/v2\/product_cat?post=4222"},{"taxonomy":"product_tag","embeddable":true,"href":"https:\/\/mysmartservice.tn\/en\/wp-json\/wp\/v2\/product_tag?post=4222"}],"curies":[{"name":"wp","href":"https:\/\/api.w.org\/{rel}","templated":true}]}}