{"id":4199,"date":"2025-03-06T23:12:15","date_gmt":"2025-03-06T23:12:15","guid":{"rendered":"https:\/\/mysmartservice.tn\/?post_type=product&#038;p=4199"},"modified":"2025-03-08T16:57:51","modified_gmt":"2025-03-08T16:57:51","slug":"robe-femme-midi","status":"publish","type":"product","link":"https:\/\/mysmartservice.tn\/en\/product\/robe-femme-midi\/","title":{"rendered":"Robe femme Midi"},"content":{"rendered":"","protected":false},"excerpt":{"rendered":"<p>Nous mettons en vente en ligne Robe en Tunisie. Qu\u2019il s\u2019agisse de mod\u00e8les ajust\u00e9s , nous vous proposons tous les styles, couleurs et imprim\u00e9s pour les robes de la saison. Que vous cherchiez une robe chemise classique pour le travail ou une robe en maille pour \u00eatre \u00e0 l\u2019aise le week-end, trouvez la robe id\u00e9ale pour chaque occasion dans notre collection.<\/p>","protected":false},"featured_media":4200,"comment_status":"open","ping_status":"closed","template":"","meta":[],"store":[],"product_brand":[],"product_cat":[554,137,139],"product_tag":[],"class_list":{"0":"post-4199","1":"product","2":"type-product","3":"status-publish","4":"has-post-thumbnail","6":"product_cat-robe-mariage","7":"product_cat-vetements","8":"product_cat-femme","10":"first","11":"instock","12":"shipping-taxable","13":"purchasable","14":"product-type-variable"},"_links":{"self":[{"href":"https:\/\/mysmartservice.tn\/en\/wp-json\/wp\/v2\/product\/4199","targetHints":{"allow":["GET"]}}],"collection":[{"href":"https:\/\/mysmartservice.tn\/en\/wp-json\/wp\/v2\/product"}],"about":[{"href":"https:\/\/mysmartservice.tn\/en\/wp-json\/wp\/v2\/types\/product"}],"replies":[{"embeddable":true,"href":"https:\/\/mysmartservice.tn\/en\/wp-json\/wp\/v2\/comments?post=4199"}],"wp:featuredmedia":[{"embeddable":true,"href":"https:\/\/mysmartservice.tn\/en\/wp-json\/wp\/v2\/media\/4200"}],"wp:attachment":[{"href":"https:\/\/mysmartservice.tn\/en\/wp-json\/wp\/v2\/media?parent=4199"}],"wp:term":[{"taxonomy":"store","embeddable":true,"href":"https:\/\/mysmartservice.tn\/en\/wp-json\/wp\/v2\/store?post=4199"},{"taxonomy":"product_brand","embeddable":true,"href":"https:\/\/mysmartservice.tn\/en\/wp-json\/wp\/v2\/product_brand?post=4199"},{"taxonomy":"product_cat","embeddable":true,"href":"https:\/\/mysmartservice.tn\/en\/wp-json\/wp\/v2\/product_cat?post=4199"},{"taxonomy":"product_tag","embeddable":true,"href":"https:\/\/mysmartservice.tn\/en\/wp-json\/wp\/v2\/product_tag?post=4199"}],"curies":[{"name":"wp","href":"https:\/\/api.w.org\/{rel}","templated":true}]}}