{"id":4192,"date":"2025-03-06T16:31:56","date_gmt":"2025-03-06T16:31:56","guid":{"rendered":"https:\/\/mysmartservice.tn\/?post_type=product&#038;p=4192"},"modified":"2025-03-08T16:55:54","modified_gmt":"2025-03-08T16:55:54","slug":"robe-femme-midi-en-maille","status":"publish","type":"product","link":"https:\/\/mysmartservice.tn\/en\/product\/robe-femme-midi-en-maille\/","title":{"rendered":"Robe femme Midi en maille"},"content":{"rendered":"","protected":false},"excerpt":{"rendered":"<p>Cette robe midi en maille c\u00f4tel\u00e9e est \u00e9l\u00e9gante et confortable, parfaite pour les saisons fra\u00eeches. Dot\u00e9e d\u2019un col roul\u00e9 et de manches longues, elle offre un style intemporel. Sa coupe ajust\u00e9e met en valeur la silhouette, et sa longueur mi-mollet ajoute une touche de sophistication. Polyvalente, elle peut \u00eatre port\u00e9e aussi bien pour des occasions d\u00e9contract\u00e9es que pour des \u00e9v\u00e9nements plus habill\u00e9s, en s\u2019adaptant facilement \u00e0 diff\u00e9rents styles et accessoires.<\/p>","protected":false},"featured_media":4193,"comment_status":"open","ping_status":"closed","template":"","meta":[],"store":[],"product_brand":[],"product_cat":[554,137,139],"product_tag":[],"class_list":{"0":"post-4192","1":"product","2":"type-product","3":"status-publish","4":"has-post-thumbnail","6":"product_cat-robe-mariage","7":"product_cat-vetements","8":"product_cat-femme","10":"first","11":"instock","12":"shipping-taxable","13":"purchasable","14":"product-type-variable"},"_links":{"self":[{"href":"https:\/\/mysmartservice.tn\/en\/wp-json\/wp\/v2\/product\/4192","targetHints":{"allow":["GET"]}}],"collection":[{"href":"https:\/\/mysmartservice.tn\/en\/wp-json\/wp\/v2\/product"}],"about":[{"href":"https:\/\/mysmartservice.tn\/en\/wp-json\/wp\/v2\/types\/product"}],"replies":[{"embeddable":true,"href":"https:\/\/mysmartservice.tn\/en\/wp-json\/wp\/v2\/comments?post=4192"}],"wp:featuredmedia":[{"embeddable":true,"href":"https:\/\/mysmartservice.tn\/en\/wp-json\/wp\/v2\/media\/4193"}],"wp:attachment":[{"href":"https:\/\/mysmartservice.tn\/en\/wp-json\/wp\/v2\/media?parent=4192"}],"wp:term":[{"taxonomy":"store","embeddable":true,"href":"https:\/\/mysmartservice.tn\/en\/wp-json\/wp\/v2\/store?post=4192"},{"taxonomy":"product_brand","embeddable":true,"href":"https:\/\/mysmartservice.tn\/en\/wp-json\/wp\/v2\/product_brand?post=4192"},{"taxonomy":"product_cat","embeddable":true,"href":"https:\/\/mysmartservice.tn\/en\/wp-json\/wp\/v2\/product_cat?post=4192"},{"taxonomy":"product_tag","embeddable":true,"href":"https:\/\/mysmartservice.tn\/en\/wp-json\/wp\/v2\/product_tag?post=4192"}],"curies":[{"name":"wp","href":"https:\/\/api.w.org\/{rel}","templated":true}]}}