{"id":4180,"date":"2025-03-04T14:50:46","date_gmt":"2025-03-04T14:50:46","guid":{"rendered":"https:\/\/mysmartservice.tn\/?post_type=product&#038;p=4180"},"modified":"2025-03-04T14:53:47","modified_gmt":"2025-03-04T14:53:47","slug":"casque-sans-fil-hoco-w46-charm-bleu","status":"publish","type":"product","link":"https:\/\/mysmartservice.tn\/en\/product\/casque-sans-fil-hoco-w46-charm-bleu\/","title":{"rendered":"Casque Sans Fil HOCO W46 Charm &#8211; Bleu"},"content":{"rendered":"","protected":false},"excerpt":{"rendered":"<p>Casque HOCO W46 Charm &#8211; Connectivit\u00e9 Sans Fil:\u00a0<span style=\"color: #ff0000;\"><strong>Bluetooth 5.3<\/strong><\/span>\u00a0-Interface:\u00a0<span style=\"color: #3366ff;\"><strong>AUX, TF<\/strong>\u00a0<\/span>&#8211; Diam\u00e8tre de Casque:<strong>\u00a040 mm\u00a0<\/strong>&#8211; R\u00e9ponse en fr\u00e9quence : 20-20 000 Hz &#8211; Sensibilit\u00e9:\u00a0<span style=\"color: #ff0000;\"><strong>98 dB \u00b1 3 dB<\/strong><\/span>\u00a0&#8211; Imp\u00e9dance:\u00a0<strong>32 \u03a9 \u00b1 15 %<\/strong>\u00a0&#8211; Capacit\u00e9 de la batterie:<span style=\"color: #3366ff;\">\u00a0<strong>200 mAh<\/strong><\/span>\u00a0&#8211; Autonomie en conversation\/musique:\u00a0<strong>20 heures (volume \u00e0 80 %)<\/strong>\u00a0&#8211; Autonomie en veille:\u00a0<strong>180 heures<\/strong>\u00a0&#8211; Temps de charge:\u00a0<strong>2 heures<\/strong>\u00a0&#8211;\u00a0<strong>Microphone int\u00e9gr\u00e9<\/strong>\u00a0&#8211; Cache-oreilles l\u00e9gers et souples, \u00e9couteurs\u00a0<strong>pliables<\/strong>, bandeau r\u00e9glable &#8211; Prend en charge le changement de chanson, la lecture\/pause des chansons et le r\u00e9glage du &#8211; Dimensions: 178 \u00d7 172 \u00d7 63 mm &#8211; Poids: 109 g &#8211; Couleur: Bleu &#8211;<span style=\"color: #ff0000;\"> Warranty: 1 year<\/span><\/p>","protected":false},"featured_media":4183,"comment_status":"open","ping_status":"closed","template":"","meta":[],"store":[],"product_brand":[],"product_cat":[51,112],"product_tag":[],"class_list":{"0":"post-4180","1":"product","2":"type-product","3":"status-publish","4":"has-post-thumbnail","6":"product_cat-informatique","7":"product_cat-composants-informatiques-et-accessoires","9":"first","10":"instock","11":"shipping-taxable","12":"purchasable","13":"product-type-simple"},"_links":{"self":[{"href":"https:\/\/mysmartservice.tn\/en\/wp-json\/wp\/v2\/product\/4180","targetHints":{"allow":["GET"]}}],"collection":[{"href":"https:\/\/mysmartservice.tn\/en\/wp-json\/wp\/v2\/product"}],"about":[{"href":"https:\/\/mysmartservice.tn\/en\/wp-json\/wp\/v2\/types\/product"}],"replies":[{"embeddable":true,"href":"https:\/\/mysmartservice.tn\/en\/wp-json\/wp\/v2\/comments?post=4180"}],"wp:featuredmedia":[{"embeddable":true,"href":"https:\/\/mysmartservice.tn\/en\/wp-json\/wp\/v2\/media\/4183"}],"wp:attachment":[{"href":"https:\/\/mysmartservice.tn\/en\/wp-json\/wp\/v2\/media?parent=4180"}],"wp:term":[{"taxonomy":"store","embeddable":true,"href":"https:\/\/mysmartservice.tn\/en\/wp-json\/wp\/v2\/store?post=4180"},{"taxonomy":"product_brand","embeddable":true,"href":"https:\/\/mysmartservice.tn\/en\/wp-json\/wp\/v2\/product_brand?post=4180"},{"taxonomy":"product_cat","embeddable":true,"href":"https:\/\/mysmartservice.tn\/en\/wp-json\/wp\/v2\/product_cat?post=4180"},{"taxonomy":"product_tag","embeddable":true,"href":"https:\/\/mysmartservice.tn\/en\/wp-json\/wp\/v2\/product_tag?post=4180"}],"curies":[{"name":"wp","href":"https:\/\/api.w.org\/{rel}","templated":true}]}}