{"id":4178,"date":"2025-03-04T14:46:00","date_gmt":"2025-03-04T14:46:00","guid":{"rendered":"https:\/\/mysmartservice.tn\/?post_type=product&#038;p=4178"},"modified":"2025-03-04T14:49:23","modified_gmt":"2025-03-04T14:49:23","slug":"casque-sans-fil-p47m-cat-bleu-bleu-ciel","status":"publish","type":"product","link":"https:\/\/mysmartservice.tn\/en\/product\/casque-sans-fil-p47m-cat-bleu-bleu-ciel\/","title":{"rendered":"Casque Sans Fil P47M Cat &#8211; Bleu &amp;Bleu Ciel"},"content":{"rendered":"","protected":false},"excerpt":{"rendered":"<p>Casque P47M Cat &#8211; Connectivit\u00e9 Sans Fil:<span style=\"color: #ff0000;\">\u00a0<strong>Bluetooth<\/strong>\u00a0<\/span>&#8211;<strong>\u00a0<\/strong>Diam\u00e8tre de Casque:<strong>\u00a0<span style=\"color: #3366ff;\">40 mm\u00a0<\/span><\/strong>&#8211; Distance max:\u00a0<span style=\"color: #ff0000;\"><strong>10 m\u00e9tres<\/strong>\u00a0<\/span>&#8211; Capacit\u00e9 de la batterie:\u00a0<strong>400 mAh<\/strong>\u00a0&#8211; Temps d&rsquo;\u00e9coute:<span style=\"color: #3366ff;\">\u00a0<strong>8 heures<\/strong>\u00a0&#8211;<\/span> Temps de charge:\u00a0<strong>1,2 heures<\/strong>\u00a0&#8211; Autonomie en veille:\u00a0<strong>148 heures<\/strong>\u00a0&#8211;\u00a0<strong>Emplacement de carte m\u00e9moire<\/strong>\u00a0&#8211;\u00a0<strong>Pliable\u00a0<\/strong>&#8211;\u00a0<strong>La<\/strong>\u00a0<strong>prise audio de 3,5 mm\u00a0<\/strong>fournit une connexion filaire simple \u00e0 une vari\u00e9t\u00e9 d&rsquo;appareils sans Bluetooth &#8211;\u00a0<strong>Forme d&rsquo;oreille de chat<\/strong>, basses lourdes, compatibilit\u00e9 forte &#8211; <span style=\"color: #ff0000;\">Couleur: Bleu\u00a0<\/span><\/p>","protected":false},"featured_media":4179,"comment_status":"open","ping_status":"closed","template":"","meta":[],"store":[],"product_brand":[],"product_cat":[51,112],"product_tag":[],"class_list":{"0":"post-4178","1":"product","2":"type-product","3":"status-publish","4":"has-post-thumbnail","6":"product_cat-informatique","7":"product_cat-composants-informatiques-et-accessoires","9":"first","10":"instock","11":"shipping-taxable","12":"purchasable","13":"product-type-simple"},"_links":{"self":[{"href":"https:\/\/mysmartservice.tn\/en\/wp-json\/wp\/v2\/product\/4178","targetHints":{"allow":["GET"]}}],"collection":[{"href":"https:\/\/mysmartservice.tn\/en\/wp-json\/wp\/v2\/product"}],"about":[{"href":"https:\/\/mysmartservice.tn\/en\/wp-json\/wp\/v2\/types\/product"}],"replies":[{"embeddable":true,"href":"https:\/\/mysmartservice.tn\/en\/wp-json\/wp\/v2\/comments?post=4178"}],"wp:featuredmedia":[{"embeddable":true,"href":"https:\/\/mysmartservice.tn\/en\/wp-json\/wp\/v2\/media\/4179"}],"wp:attachment":[{"href":"https:\/\/mysmartservice.tn\/en\/wp-json\/wp\/v2\/media?parent=4178"}],"wp:term":[{"taxonomy":"store","embeddable":true,"href":"https:\/\/mysmartservice.tn\/en\/wp-json\/wp\/v2\/store?post=4178"},{"taxonomy":"product_brand","embeddable":true,"href":"https:\/\/mysmartservice.tn\/en\/wp-json\/wp\/v2\/product_brand?post=4178"},{"taxonomy":"product_cat","embeddable":true,"href":"https:\/\/mysmartservice.tn\/en\/wp-json\/wp\/v2\/product_cat?post=4178"},{"taxonomy":"product_tag","embeddable":true,"href":"https:\/\/mysmartservice.tn\/en\/wp-json\/wp\/v2\/product_tag?post=4178"}],"curies":[{"name":"wp","href":"https:\/\/api.w.org\/{rel}","templated":true}]}}