{"id":4173,"date":"2025-03-02T23:30:47","date_gmt":"2025-03-02T23:30:47","guid":{"rendered":"https:\/\/mysmartservice.tn\/?post_type=product&#038;p=4173"},"modified":"2025-03-02T23:32:43","modified_gmt":"2025-03-02T23:32:43","slug":"sacoche-pour-pc-portable-15-6-pouces-rouge-bordeaux","status":"publish","type":"product","link":"https:\/\/mysmartservice.tn\/en\/product\/sacoche-pour-pc-portable-15-6-pouces-rouge-bordeaux\/","title":{"rendered":"Sacoche Pour Pc Portable 15.6 pouces &#8211; Rouge Bordeaux"},"content":{"rendered":"","protected":false},"excerpt":{"rendered":"<p>Sacoche &#8211;\u00a0<span style=\"color: #ff0000\"><strong>Pour Pc Portable 15.6&Prime;<\/strong><\/span>\u00a0&#8211; Design\u00a0<span style=\"color: #3366ff\"><strong>d\u00e9contract\u00e9 et \u00e9l\u00e9gant<\/strong><\/span>\u00a0&#8211; Tissu de haute qualit\u00e9 &#8211;\u00a0<strong>Grande capacit\u00e9<\/strong>\u00a0de stockage &#8211;\u00a0<strong>Compartiments et poches<\/strong>\u00a0id\u00e9alement plac\u00e9s &#8211; Couleur: Rouge Bordeaux.<\/p>","protected":false},"featured_media":4175,"comment_status":"open","ping_status":"closed","template":"","meta":[],"store":[],"product_brand":[],"product_cat":[51,112],"product_tag":[],"class_list":{"0":"post-4173","1":"product","2":"type-product","3":"status-publish","4":"has-post-thumbnail","6":"product_cat-informatique","7":"product_cat-composants-informatiques-et-accessoires","9":"first","10":"instock","11":"shipping-taxable","12":"purchasable","13":"product-type-simple"},"_links":{"self":[{"href":"https:\/\/mysmartservice.tn\/en\/wp-json\/wp\/v2\/product\/4173","targetHints":{"allow":["GET"]}}],"collection":[{"href":"https:\/\/mysmartservice.tn\/en\/wp-json\/wp\/v2\/product"}],"about":[{"href":"https:\/\/mysmartservice.tn\/en\/wp-json\/wp\/v2\/types\/product"}],"replies":[{"embeddable":true,"href":"https:\/\/mysmartservice.tn\/en\/wp-json\/wp\/v2\/comments?post=4173"}],"wp:featuredmedia":[{"embeddable":true,"href":"https:\/\/mysmartservice.tn\/en\/wp-json\/wp\/v2\/media\/4175"}],"wp:attachment":[{"href":"https:\/\/mysmartservice.tn\/en\/wp-json\/wp\/v2\/media?parent=4173"}],"wp:term":[{"taxonomy":"store","embeddable":true,"href":"https:\/\/mysmartservice.tn\/en\/wp-json\/wp\/v2\/store?post=4173"},{"taxonomy":"product_brand","embeddable":true,"href":"https:\/\/mysmartservice.tn\/en\/wp-json\/wp\/v2\/product_brand?post=4173"},{"taxonomy":"product_cat","embeddable":true,"href":"https:\/\/mysmartservice.tn\/en\/wp-json\/wp\/v2\/product_cat?post=4173"},{"taxonomy":"product_tag","embeddable":true,"href":"https:\/\/mysmartservice.tn\/en\/wp-json\/wp\/v2\/product_tag?post=4173"}],"curies":[{"name":"wp","href":"https:\/\/api.w.org\/{rel}","templated":true}]}}