{"id":4168,"date":"2025-03-02T23:27:05","date_gmt":"2025-03-02T23:27:05","guid":{"rendered":"https:\/\/mysmartservice.tn\/?post_type=product&#038;p=4168"},"modified":"2025-03-02T23:29:55","modified_gmt":"2025-03-02T23:29:55","slug":"sacoche-lenovo-casual-t210-pour-pc-portable-15-6-bleu-gx40q17230","status":"publish","type":"product","link":"https:\/\/mysmartservice.tn\/en\/product\/sacoche-lenovo-casual-t210-pour-pc-portable-15-6-bleu-gx40q17230\/","title":{"rendered":"Sacoche LENOVO CASUAL T210 Pour Pc Portable 15.6&Prime; &#8211; Bleu (GX40Q17230)"},"content":{"rendered":"","protected":false},"excerpt":{"rendered":"<p>Sacoche LENOVO CASUAL T210\u00a0<span style=\"color: #ff0000;\"><strong>Pour Pc Portable 15.6&Prime;<\/strong>\u00a0<\/span>&#8211; Mat\u00e9riau du tissu ext\u00e9rieur:\u00a0<strong><span style=\"color: #3366ff;\">Polyester<\/span>\u00a0<\/strong>&#8211; Design\u00a0<strong>d\u00e9contract\u00e9 et \u00e9l\u00e9gant<\/strong>\u00a0&#8211; Tissu de haute qualit\u00e9,\u00a0<strong>durable et hydrofuge<\/strong>\u00a0&#8211;\u00a0<strong>Grande capacit\u00e9<\/strong>\u00a0de stockage\u00a0&#8211;\u00a0<strong>Compartiments et poches<\/strong>\u00a0id\u00e9alement plac\u00e9s &#8211;<strong>\u00a0Sangle de bagage int\u00e9gr\u00e9e<\/strong>\u00a0pour un voyage plus pratique &#8211; Dimensions: 362 x 22 x 250 mm &#8211; Couleur: Bleu<\/p>","protected":false},"featured_media":4172,"comment_status":"open","ping_status":"closed","template":"","meta":[],"store":[],"product_brand":[],"product_cat":[51,112],"product_tag":[],"class_list":{"0":"post-4168","1":"product","2":"type-product","3":"status-publish","4":"has-post-thumbnail","6":"product_cat-informatique","7":"product_cat-composants-informatiques-et-accessoires","9":"first","10":"instock","11":"shipping-taxable","12":"purchasable","13":"product-type-simple"},"_links":{"self":[{"href":"https:\/\/mysmartservice.tn\/en\/wp-json\/wp\/v2\/product\/4168","targetHints":{"allow":["GET"]}}],"collection":[{"href":"https:\/\/mysmartservice.tn\/en\/wp-json\/wp\/v2\/product"}],"about":[{"href":"https:\/\/mysmartservice.tn\/en\/wp-json\/wp\/v2\/types\/product"}],"replies":[{"embeddable":true,"href":"https:\/\/mysmartservice.tn\/en\/wp-json\/wp\/v2\/comments?post=4168"}],"wp:featuredmedia":[{"embeddable":true,"href":"https:\/\/mysmartservice.tn\/en\/wp-json\/wp\/v2\/media\/4172"}],"wp:attachment":[{"href":"https:\/\/mysmartservice.tn\/en\/wp-json\/wp\/v2\/media?parent=4168"}],"wp:term":[{"taxonomy":"store","embeddable":true,"href":"https:\/\/mysmartservice.tn\/en\/wp-json\/wp\/v2\/store?post=4168"},{"taxonomy":"product_brand","embeddable":true,"href":"https:\/\/mysmartservice.tn\/en\/wp-json\/wp\/v2\/product_brand?post=4168"},{"taxonomy":"product_cat","embeddable":true,"href":"https:\/\/mysmartservice.tn\/en\/wp-json\/wp\/v2\/product_cat?post=4168"},{"taxonomy":"product_tag","embeddable":true,"href":"https:\/\/mysmartservice.tn\/en\/wp-json\/wp\/v2\/product_tag?post=4168"}],"curies":[{"name":"wp","href":"https:\/\/api.w.org\/{rel}","templated":true}]}}