{"id":4163,"date":"2025-03-02T23:09:57","date_gmt":"2025-03-02T23:09:57","guid":{"rendered":"https:\/\/mysmartservice.tn\/?post_type=product&#038;p=4163"},"modified":"2025-03-02T23:26:30","modified_gmt":"2025-03-02T23:26:30","slug":"etui-antichoc-rivacase-5223-pour-pc-portable-13-14-noir","status":"publish","type":"product","link":"https:\/\/mysmartservice.tn\/en\/product\/etui-antichoc-rivacase-5223-pour-pc-portable-13-14-noir\/","title":{"rendered":"Etui AntiChoc RIVACASE 5223 Pour Pc Portable 13\u00a0\u00bb-14&Prime; &#8211; Noir"},"content":{"rendered":"","protected":false},"excerpt":{"rendered":"<p>Etui AntiChoc RIVACASE 5223\u00a0<span style=\"color: #ff0000;\"><strong>Pour Pc Portable 13&Prime;-14&Prime;<\/strong><\/span>&#8211; Mati\u00e8re:\u00a0<span style=\"color: #3366ff;\"><strong>N\u00e9opr\u00e8ne , Polyester<\/strong><\/span>\u00a0&#8211; Une s\u00e9rie de housses au<strong>\u00a0design fin<\/strong>,\u00a0<strong>id\u00e9ales pour les MacBook ou les Ultrabooks<\/strong>\u00a0&#8211; Fabriqu\u00e9es en mousse \u00e0 m\u00e9moire de forme pour une protection ultime &#8211; \u00a0Offre une protection maximale \u00e0 votre appareil\u00a0<strong>contre les chocs accidentels, les rayures, la poussi\u00e8re et l&rsquo;humidit\u00e9<\/strong>\u00a0&#8211; Comprend un mat\u00e9riau \u00e9lastique interne pour maintenir votre ordinateur portable en place en toute s\u00e9curit\u00e9 &#8211;\u00a0<strong>La double fermeture \u00e9clair<\/strong>\u00a0permet un acc\u00e8s facile \u00e0 votre appareil &#8211; Dimensions ext\u00e9rieures: 255 x 345 x 22 mm &#8211; Couleur: Noir.<\/p>","protected":false},"featured_media":4167,"comment_status":"open","ping_status":"closed","template":"","meta":[],"store":[],"product_brand":[],"product_cat":[51,112],"product_tag":[],"class_list":{"0":"post-4163","1":"product","2":"type-product","3":"status-publish","4":"has-post-thumbnail","6":"product_cat-informatique","7":"product_cat-composants-informatiques-et-accessoires","9":"first","10":"instock","11":"shipping-taxable","12":"purchasable","13":"product-type-simple"},"_links":{"self":[{"href":"https:\/\/mysmartservice.tn\/en\/wp-json\/wp\/v2\/product\/4163","targetHints":{"allow":["GET"]}}],"collection":[{"href":"https:\/\/mysmartservice.tn\/en\/wp-json\/wp\/v2\/product"}],"about":[{"href":"https:\/\/mysmartservice.tn\/en\/wp-json\/wp\/v2\/types\/product"}],"replies":[{"embeddable":true,"href":"https:\/\/mysmartservice.tn\/en\/wp-json\/wp\/v2\/comments?post=4163"}],"wp:featuredmedia":[{"embeddable":true,"href":"https:\/\/mysmartservice.tn\/en\/wp-json\/wp\/v2\/media\/4167"}],"wp:attachment":[{"href":"https:\/\/mysmartservice.tn\/en\/wp-json\/wp\/v2\/media?parent=4163"}],"wp:term":[{"taxonomy":"store","embeddable":true,"href":"https:\/\/mysmartservice.tn\/en\/wp-json\/wp\/v2\/store?post=4163"},{"taxonomy":"product_brand","embeddable":true,"href":"https:\/\/mysmartservice.tn\/en\/wp-json\/wp\/v2\/product_brand?post=4163"},{"taxonomy":"product_cat","embeddable":true,"href":"https:\/\/mysmartservice.tn\/en\/wp-json\/wp\/v2\/product_cat?post=4163"},{"taxonomy":"product_tag","embeddable":true,"href":"https:\/\/mysmartservice.tn\/en\/wp-json\/wp\/v2\/product_tag?post=4163"}],"curies":[{"name":"wp","href":"https:\/\/api.w.org\/{rel}","templated":true}]}}