{"id":4157,"date":"2025-03-02T22:57:39","date_gmt":"2025-03-02T22:57:39","guid":{"rendered":"https:\/\/mysmartservice.tn\/?post_type=product&#038;p=4157"},"modified":"2025-03-02T23:02:31","modified_gmt":"2025-03-02T23:02:31","slug":"souris-sans-fil-inca-iwm-396st-rosenoir","status":"publish","type":"product","link":"https:\/\/mysmartservice.tn\/en\/product\/souris-sans-fil-inca-iwm-396st-rosenoir\/","title":{"rendered":"Souris Sans Fil INCA IWM-396ST &#8211; Rose&amp;Noir"},"content":{"rendered":"","protected":false},"excerpt":{"rendered":"<p>Souris INCA IWM-396ST &#8211; Technologie de connectivit\u00e9:\u00a0<span style=\"color: #ff0000;\"><strong>Sans Fil<\/strong>\u00a0<\/span>&#8211; Interface:\u00a0<span style=\"color: #3366ff;\"><strong>r\u00e9cepteur nano USB\u00a0<\/strong><\/span>&#8211; R\u00e9solution optique:<strong>\u00a0800\/1000\/1600 DPI\u00a0<\/strong>&#8211; La port\u00e9e de travail est de<span style=\"color: #ff0000;\">\u00a0<strong>10 m\u00e8tres<\/strong><\/span>\u00a0&#8211; Boutons:\u00a0<strong>Bouton gauche\/milieu\/droite\/DPI<\/strong>\u00a0&#8211;<strong>\u00a0Batterie: AA X1<\/strong>\u00a0&#8211; Forme compl\u00e8tement sym\u00e9trique, \u00e9l\u00e9gante et utilisation confortable &#8211; Syst\u00e8me d\u2019exploitation MAC OS X, WIN 7 \/ WIN 8 \/ WIN 10 ou sup\u00e9rieur &#8211; Dimensions: 100 x 63 x 38 mm &#8211; Poids: \u00a0<span style=\"color: #3366ff;\">(Souris) 56 gr <\/span>\/ (R\u00e9cepteur): 2 gr. &#8211; Couleur: Rose &amp;Noir &#8211;<span style=\"color: #ff0000;\"> Warranty: 1 year<\/span><\/p>","protected":false},"featured_media":4159,"comment_status":"open","ping_status":"closed","template":"","meta":[],"store":[],"product_brand":[],"product_cat":[51,112],"product_tag":[],"class_list":{"0":"post-4157","1":"product","2":"type-product","3":"status-publish","4":"has-post-thumbnail","6":"product_cat-informatique","7":"product_cat-composants-informatiques-et-accessoires","9":"first","10":"instock","11":"shipping-taxable","12":"purchasable","13":"product-type-simple"},"_links":{"self":[{"href":"https:\/\/mysmartservice.tn\/en\/wp-json\/wp\/v2\/product\/4157","targetHints":{"allow":["GET"]}}],"collection":[{"href":"https:\/\/mysmartservice.tn\/en\/wp-json\/wp\/v2\/product"}],"about":[{"href":"https:\/\/mysmartservice.tn\/en\/wp-json\/wp\/v2\/types\/product"}],"replies":[{"embeddable":true,"href":"https:\/\/mysmartservice.tn\/en\/wp-json\/wp\/v2\/comments?post=4157"}],"wp:featuredmedia":[{"embeddable":true,"href":"https:\/\/mysmartservice.tn\/en\/wp-json\/wp\/v2\/media\/4159"}],"wp:attachment":[{"href":"https:\/\/mysmartservice.tn\/en\/wp-json\/wp\/v2\/media?parent=4157"}],"wp:term":[{"taxonomy":"store","embeddable":true,"href":"https:\/\/mysmartservice.tn\/en\/wp-json\/wp\/v2\/store?post=4157"},{"taxonomy":"product_brand","embeddable":true,"href":"https:\/\/mysmartservice.tn\/en\/wp-json\/wp\/v2\/product_brand?post=4157"},{"taxonomy":"product_cat","embeddable":true,"href":"https:\/\/mysmartservice.tn\/en\/wp-json\/wp\/v2\/product_cat?post=4157"},{"taxonomy":"product_tag","embeddable":true,"href":"https:\/\/mysmartservice.tn\/en\/wp-json\/wp\/v2\/product_tag?post=4157"}],"curies":[{"name":"wp","href":"https:\/\/api.w.org\/{rel}","templated":true}]}}