{"id":4149,"date":"2025-03-02T16:50:27","date_gmt":"2025-03-02T16:50:27","guid":{"rendered":"https:\/\/mysmartservice.tn\/?post_type=product&#038;p=4149"},"modified":"2025-03-02T16:53:39","modified_gmt":"2025-03-02T16:53:39","slug":"disque-dur-interne-western-digital-1to-3-5-pour-pc-de-bureau-reconditionne","status":"publish","type":"product","link":"https:\/\/mysmartservice.tn\/en\/product\/disque-dur-interne-western-digital-1to-3-5-pour-pc-de-bureau-reconditionne\/","title":{"rendered":"Disque Dur Interne WESTERN DIGITAL 1To 3.5\u00a0\u00bb Pour Pc de bureau &#8211; Reconditionn\u00e9"},"content":{"rendered":"","protected":false},"excerpt":{"rendered":"<p>Disque Dur Interne WESTERN DIGITAL Reconditionn\u00e9 &#8211; Capacit\u00e9:<strong>\u00a0<span style=\"color: #ff0000;\">1 To<\/span><\/strong><span style=\"color: #ff0000;\">\u00a0&#8211;<\/span> Format:\u00a0<strong>3.5&Prime;<\/strong>\u00a0&#8211;\u00a0Type de Disque:\u00a0<span style=\"color: #3366ff;\"><strong>HDD<\/strong><\/span>\u00a0&#8211; Taille de la M\u00e9moire Tampon:<span style=\"color: #ff0000;\">\u00a0<strong>64 Mo<\/strong>\u00a0<\/span>&#8211;\u00a0Utilisation:\u00a0<span style=\"color: #3366ff;\"><strong>Pc de bureau<\/strong>\u00a0<\/span>&#8211; Taux de transfert: 150 Mo\/s &#8211;\u00a0<strong>Technologie d&rsquo;enregistrement CMR\u00a0<\/strong>&#8211;<span style=\"color: #ff0000;\">\u00a0<strong>Garantie: 6 mois<\/strong><\/span><\/p>","protected":false},"featured_media":4138,"comment_status":"open","ping_status":"closed","template":"","meta":[],"store":[],"product_brand":[],"product_cat":[51,112],"product_tag":[],"class_list":{"0":"post-4149","1":"product","2":"type-product","3":"status-publish","4":"has-post-thumbnail","6":"product_cat-informatique","7":"product_cat-composants-informatiques-et-accessoires","9":"first","10":"instock","11":"shipping-taxable","12":"purchasable","13":"product-type-simple"},"_links":{"self":[{"href":"https:\/\/mysmartservice.tn\/en\/wp-json\/wp\/v2\/product\/4149","targetHints":{"allow":["GET"]}}],"collection":[{"href":"https:\/\/mysmartservice.tn\/en\/wp-json\/wp\/v2\/product"}],"about":[{"href":"https:\/\/mysmartservice.tn\/en\/wp-json\/wp\/v2\/types\/product"}],"replies":[{"embeddable":true,"href":"https:\/\/mysmartservice.tn\/en\/wp-json\/wp\/v2\/comments?post=4149"}],"wp:featuredmedia":[{"embeddable":true,"href":"https:\/\/mysmartservice.tn\/en\/wp-json\/wp\/v2\/media\/4138"}],"wp:attachment":[{"href":"https:\/\/mysmartservice.tn\/en\/wp-json\/wp\/v2\/media?parent=4149"}],"wp:term":[{"taxonomy":"store","embeddable":true,"href":"https:\/\/mysmartservice.tn\/en\/wp-json\/wp\/v2\/store?post=4149"},{"taxonomy":"product_brand","embeddable":true,"href":"https:\/\/mysmartservice.tn\/en\/wp-json\/wp\/v2\/product_brand?post=4149"},{"taxonomy":"product_cat","embeddable":true,"href":"https:\/\/mysmartservice.tn\/en\/wp-json\/wp\/v2\/product_cat?post=4149"},{"taxonomy":"product_tag","embeddable":true,"href":"https:\/\/mysmartservice.tn\/en\/wp-json\/wp\/v2\/product_tag?post=4149"}],"curies":[{"name":"wp","href":"https:\/\/api.w.org\/{rel}","templated":true}]}}