{"id":4144,"date":"2025-03-02T00:04:07","date_gmt":"2025-03-02T00:04:07","guid":{"rendered":"https:\/\/mysmartservice.tn\/?post_type=product&#038;p=4144"},"modified":"2025-03-02T00:09:10","modified_gmt":"2025-03-02T00:09:10","slug":"disque-dur-externe-verbatim-53195-2to-2-5-usb-3-0-noir","status":"publish","type":"product","link":"https:\/\/mysmartservice.tn\/en\/product\/disque-dur-externe-verbatim-53195-2to-2-5-usb-3-0-noir\/","title":{"rendered":"Disque Dur Externe VERBATIM 53195 2To 2.5&Prime; USB 3.0 &#8211; Noir"},"content":{"rendered":"","protected":false},"excerpt":{"rendered":"<p>Disque Dur Externe VERBATIM &#8211; Capacit\u00e9:<strong>\u00a0<span style=\"color: #ff0000;\">2To\u00a0<\/span><\/strong>&#8211;\u00a0Interface:<strong>\u00a0<span style=\"color: #3366ff;\">USB 3.0<\/span><\/strong><span style=\"color: #3366ff;\">\u00a0<\/span><strong><span style=\"color: #3366ff;\">\/USB 2.0<\/span>\u00a0<\/strong>&#8211; Type Disque Dur:\u00a0<span style=\"color: #ff0000;\"><strong>HDD\u00a0<\/strong><\/span>&#8211; Format De Disque:\u00a0<span style=\"color: #3366ff;\"><strong>2.5 Pouces<\/strong><\/span>\u00a0&#8211; D\u00e9bit: jusqu&rsquo;\u00e0\u00a0<span style=\"color: #ff0000;\"><strong>4800 Mbit\/s\u00a0<\/strong><\/span>(vitesse de bus USB) &#8211; Vitesse de rotation:\u00a0<span style=\"color: #3366ff;\"><strong>5400 t\/min<\/strong><\/span>\u00a0&#8211; M\u00e9moire cache:\u00a0<span style=\"color: #ff0000;\"><strong>8 Mo minimum<\/strong><\/span>\u00a0&#8211; Plug-and-play USB &#8211; Logiciel d&rsquo;\u00e9conomie d&rsquo;\u00e9nergie &#8211; Logiciel Nero Backup &#8211; Alimentation: par bus via un c\u00e2ble USB 3.0 &#8211; Dimensions: 119 x 81x 14.5 mm &#8211; Poids: 175g &#8211; Couleur: Noir &#8211;<strong>\u00a0<\/strong><span style=\"color: #ff0000;\">Warranty: 1 year<\/span><\/p>","protected":false},"featured_media":4146,"comment_status":"open","ping_status":"closed","template":"","meta":[],"store":[636],"product_brand":[],"product_cat":[51,112],"product_tag":[],"class_list":{"0":"post-4144","1":"product","2":"type-product","3":"status-publish","4":"has-post-thumbnail","6":"store-verbatim","7":"product_cat-informatique","8":"product_cat-composants-informatiques-et-accessoires","10":"first","11":"instock","12":"shipping-taxable","13":"purchasable","14":"product-type-simple"},"_links":{"self":[{"href":"https:\/\/mysmartservice.tn\/en\/wp-json\/wp\/v2\/product\/4144","targetHints":{"allow":["GET"]}}],"collection":[{"href":"https:\/\/mysmartservice.tn\/en\/wp-json\/wp\/v2\/product"}],"about":[{"href":"https:\/\/mysmartservice.tn\/en\/wp-json\/wp\/v2\/types\/product"}],"replies":[{"embeddable":true,"href":"https:\/\/mysmartservice.tn\/en\/wp-json\/wp\/v2\/comments?post=4144"}],"wp:featuredmedia":[{"embeddable":true,"href":"https:\/\/mysmartservice.tn\/en\/wp-json\/wp\/v2\/media\/4146"}],"wp:attachment":[{"href":"https:\/\/mysmartservice.tn\/en\/wp-json\/wp\/v2\/media?parent=4144"}],"wp:term":[{"taxonomy":"store","embeddable":true,"href":"https:\/\/mysmartservice.tn\/en\/wp-json\/wp\/v2\/store?post=4144"},{"taxonomy":"product_brand","embeddable":true,"href":"https:\/\/mysmartservice.tn\/en\/wp-json\/wp\/v2\/product_brand?post=4144"},{"taxonomy":"product_cat","embeddable":true,"href":"https:\/\/mysmartservice.tn\/en\/wp-json\/wp\/v2\/product_cat?post=4144"},{"taxonomy":"product_tag","embeddable":true,"href":"https:\/\/mysmartservice.tn\/en\/wp-json\/wp\/v2\/product_tag?post=4144"}],"curies":[{"name":"wp","href":"https:\/\/api.w.org\/{rel}","templated":true}]}}