{"id":4133,"date":"2025-03-01T23:24:15","date_gmt":"2025-03-01T23:24:15","guid":{"rendered":"https:\/\/mysmartservice.tn\/?post_type=product&#038;p=4133"},"modified":"2025-03-01T23:56:13","modified_gmt":"2025-03-01T23:56:13","slug":"mini-disque-dur-externe-hiksemi-t200n-512go-ssd-usb-3-1-typec-noir","status":"publish","type":"product","link":"https:\/\/mysmartservice.tn\/en\/product\/mini-disque-dur-externe-hiksemi-t200n-512go-ssd-usb-3-1-typec-noir\/","title":{"rendered":"Mini Disque Dur Externe HIKSEMI T200N 512Go SSD USB 3.1 TypeC &#8211; Noir"},"content":{"rendered":"","protected":false},"excerpt":{"rendered":"<p>Mini Disque Dur Externe HIKSEMI T200N &#8211; Capacit\u00e9:<strong>\u00a0<span style=\"color: #ff0000;\">512Go<\/span>\u00a0<\/strong>&#8211; Type de disque dur:<strong>\u00a0<span style=\"color: #3366ff;\">SSD<\/span>\u00a0&#8211;<\/strong>\u00a0Interface:\u00a0<strong><span style=\"color: #ff0000;\">USB 3.1 Type C<\/span>\u00a0<\/strong>&#8211; Vitesse de transmission maximale:\u00a0<span style=\"color: #3366ff;\"><strong>450 Mo\/s<\/strong><\/span>\u00a0&#8211; Mat\u00e9riel:\u00a0<span style=\"color: #ff0000;\"><strong>Alliage d&rsquo;aluminium<\/strong><\/span>\u00a0&#8211; Compatible avec: T\u00e9l\u00e9phone Android\/tablette Android\/PC\/ordinateur portable &#8211; La coque enti\u00e8rement m\u00e9tallique est robuste et durable et peut<span style=\"color: #3366ff;\">\u00a0<\/span><strong><span style=\"color: #3366ff;\">r\u00e9sister \u00e0 une chute de 2 m\u00e8tres<\/span>\u00a0<\/strong>\u2013 Color: Black \u2013<span style=\"color: #ff0000;\"> Warranty: 1 year<\/span><\/p>","protected":false},"featured_media":4142,"comment_status":"open","ping_status":"closed","template":"","meta":[],"store":[634],"product_brand":[],"product_cat":[51,112],"product_tag":[],"class_list":{"0":"post-4133","1":"product","2":"type-product","3":"status-publish","4":"has-post-thumbnail","6":"store-hiksemi","7":"product_cat-informatique","8":"product_cat-composants-informatiques-et-accessoires","10":"first","11":"instock","12":"shipping-taxable","13":"purchasable","14":"product-type-simple"},"_links":{"self":[{"href":"https:\/\/mysmartservice.tn\/en\/wp-json\/wp\/v2\/product\/4133","targetHints":{"allow":["GET"]}}],"collection":[{"href":"https:\/\/mysmartservice.tn\/en\/wp-json\/wp\/v2\/product"}],"about":[{"href":"https:\/\/mysmartservice.tn\/en\/wp-json\/wp\/v2\/types\/product"}],"replies":[{"embeddable":true,"href":"https:\/\/mysmartservice.tn\/en\/wp-json\/wp\/v2\/comments?post=4133"}],"wp:featuredmedia":[{"embeddable":true,"href":"https:\/\/mysmartservice.tn\/en\/wp-json\/wp\/v2\/media\/4142"}],"wp:attachment":[{"href":"https:\/\/mysmartservice.tn\/en\/wp-json\/wp\/v2\/media?parent=4133"}],"wp:term":[{"taxonomy":"store","embeddable":true,"href":"https:\/\/mysmartservice.tn\/en\/wp-json\/wp\/v2\/store?post=4133"},{"taxonomy":"product_brand","embeddable":true,"href":"https:\/\/mysmartservice.tn\/en\/wp-json\/wp\/v2\/product_brand?post=4133"},{"taxonomy":"product_cat","embeddable":true,"href":"https:\/\/mysmartservice.tn\/en\/wp-json\/wp\/v2\/product_cat?post=4133"},{"taxonomy":"product_tag","embeddable":true,"href":"https:\/\/mysmartservice.tn\/en\/wp-json\/wp\/v2\/product_tag?post=4133"}],"curies":[{"name":"wp","href":"https:\/\/api.w.org\/{rel}","templated":true}]}}