{"id":4122,"date":"2025-02-25T20:46:33","date_gmt":"2025-02-25T20:46:33","guid":{"rendered":"https:\/\/mysmartservice.tn\/?post_type=product&#038;p=4122"},"modified":"2025-02-25T21:16:07","modified_gmt":"2025-02-25T21:16:07","slug":"carte-mere-asrock-h310cm-dvs-90-mxb8k0-a0uayz","status":"publish","type":"product","link":"https:\/\/mysmartservice.tn\/en\/product\/carte-mere-asrock-h310cm-dvs-90-mxb8k0-a0uayz\/","title":{"rendered":"ASROCK H310CM-DVS Motherboard (90-MXB8K0-A0UAYZ)"},"content":{"rendered":"","protected":false},"excerpt":{"rendered":"<p>Carte M\u00e8re ASROCK H310CM-DVS &#8211; Format de Carte M\u00e8re:\u00a0<strong>Micro ATX<\/strong>\u00a0\u00a0&#8211; Socket:\u00a0<strong>1151<\/strong>\u00a0&#8211; Processeurs pris en Charge:\u00a0<strong>Intel\u00ae Core\u2122 de 9e et 8e g\u00e9n\u00e9ration, des processeurs jusqu&rsquo;\u00e0 95 W<\/strong>\u00a0&#8211; Capacit\u00e9 m\u00e9moire:\u00a0<span lang=\"fr\"><strong>32 GB\u00a0<\/strong><\/span>&#8211; Fr\u00e9quence M\u00e9moire Support\u00e9 :\u00a0<strong>Jusqu&rsquo;\u00e0 2666 MHz\u00a0<\/strong>&#8211; Type M\u00e9moire :\u00a0<strong>DDR4\u00a0<\/strong>\u00a0&#8211;\u00a0<strong>2 DIMM<\/strong>\u00a0&#8211; Nbre de disque dur support\u00e9 :\u00a0<strong>4x connecteurs SATA3 6,0 Gb\/s, prise en charge NCQ, AHCI et Hot Plug\u00a0<\/strong>\u00a0&#8211; Ports Graphique :\u00a0<strong>DVI-D, D-Sub<\/strong><strong>\u00a0<\/strong>\u00a0&#8211; Ports E\/S du panneau arri\u00e8re :\u00a0<strong>1x Port souris\/clavier PS\/2, 1x D-Sub, 1x DVI- D, 4x USB 2.0 (prendre en charge la protection ESD), 2x USB 3.1 Gen1 (prendre en charge la protection ESD), 1x RJ-45, Prises audio HD<\/strong>\u00a0&#8211; Connecteurs :\u00a0<strong>1x TPM, 1x connecteur de ventilateur d&rsquo;intrusion de ch\u00e2ssis et de haut-parleur, 1x connecteur de ventilateur de processeur (4 broches), 1x connecteur de ventilateur de ch\u00e2ssis\/pompe \u00e0 eau, 1x Connecteur d&rsquo;alimentation ATX 24 broches, 1x connecteur d&rsquo;alimentation 12 V \u00e0 8 broches, 1x connecteur audio du panneau avant, 1x USB 2.0 (prise en charge 2 ports USB 2.0), 1x USB 3.1 Gen1 (prend en charge 2 ports USB 3.1)<\/strong>\u00a0&#8211; PCIE x1 Gigabit LAN 10\/100\/1000 Mb\/s, 1x Realtek RTL8111H &#8211;\u00a0<strong>Audio HD 7.1 CH (codec audio Realtek ALC887\/897)<\/strong>\u00a0&#8211; Garantie : 1 an<\/p>","protected":false},"featured_media":4125,"comment_status":"open","ping_status":"closed","template":"","meta":[],"store":[632],"product_brand":[],"product_cat":[51,112],"product_tag":[],"class_list":{"0":"post-4122","1":"product","2":"type-product","3":"status-publish","4":"has-post-thumbnail","6":"store-asrock","7":"product_cat-informatique","8":"product_cat-composants-informatiques-et-accessoires","10":"first","11":"instock","12":"shipping-taxable","13":"purchasable","14":"product-type-simple"},"_links":{"self":[{"href":"https:\/\/mysmartservice.tn\/en\/wp-json\/wp\/v2\/product\/4122","targetHints":{"allow":["GET"]}}],"collection":[{"href":"https:\/\/mysmartservice.tn\/en\/wp-json\/wp\/v2\/product"}],"about":[{"href":"https:\/\/mysmartservice.tn\/en\/wp-json\/wp\/v2\/types\/product"}],"replies":[{"embeddable":true,"href":"https:\/\/mysmartservice.tn\/en\/wp-json\/wp\/v2\/comments?post=4122"}],"wp:featuredmedia":[{"embeddable":true,"href":"https:\/\/mysmartservice.tn\/en\/wp-json\/wp\/v2\/media\/4125"}],"wp:attachment":[{"href":"https:\/\/mysmartservice.tn\/en\/wp-json\/wp\/v2\/media?parent=4122"}],"wp:term":[{"taxonomy":"store","embeddable":true,"href":"https:\/\/mysmartservice.tn\/en\/wp-json\/wp\/v2\/store?post=4122"},{"taxonomy":"product_brand","embeddable":true,"href":"https:\/\/mysmartservice.tn\/en\/wp-json\/wp\/v2\/product_brand?post=4122"},{"taxonomy":"product_cat","embeddable":true,"href":"https:\/\/mysmartservice.tn\/en\/wp-json\/wp\/v2\/product_cat?post=4122"},{"taxonomy":"product_tag","embeddable":true,"href":"https:\/\/mysmartservice.tn\/en\/wp-json\/wp\/v2\/product_tag?post=4122"}],"curies":[{"name":"wp","href":"https:\/\/api.w.org\/{rel}","templated":true}]}}