{"id":4106,"date":"2025-02-17T15:56:28","date_gmt":"2025-02-17T15:56:28","guid":{"rendered":"https:\/\/mysmartservice.tn\/?post_type=product&#038;p=4106"},"modified":"2025-02-17T16:09:38","modified_gmt":"2025-02-17T16:09:38","slug":"aspirateur-sans-sac-livoo-multi-cyclonique-900w-rouge","status":"publish","type":"product","link":"https:\/\/mysmartservice.tn\/en\/product\/aspirateur-sans-sac-livoo-multi-cyclonique-900w-rouge\/","title":{"rendered":"LIVOO Multi-Cyclonic 900W Bagless Vacuum Cleaner \u2013 Red"},"content":{"rendered":"","protected":false},"excerpt":{"rendered":"<p>Vacuum cleaner\u00a0<span style=\"color: #ff0000;\"><strong>Sans Sac<\/strong><\/span>\u00a0LIVOO Multi-Cyclonique &#8211; Puissance:\u00a0<span style=\"color: #3366ff;\"><strong>900 Watts<\/strong><\/span>\u00a0&#8211; Capacit\u00e9 du bac \u00e0 poussi\u00e8re:<strong>\u00a0<span style=\"color: #ff0000;\">2 Litres<\/span><\/strong><span style=\"color: #ff0000;\">\u00a0<\/span>&#8211;\u00a0D\u00e9pression:\u00a0<strong>\u2265 <span style=\"color: #3366ff;\">18 Kpa<\/span><\/strong>\u00a0&#8211; Niveau sonore:\u00a0<span style=\"color: #ff0000;\"><strong>80dbA<\/strong><\/span>\u00a0&#8211; Rayon d\u2019action de 6 m\u00e8tres &#8211; Filtre \u00e0 poussi\u00e8re permanent lavable avec syst\u00e8me de filtration multi-cyclonique &#8211; Interrupteur marche\/arr\u00eat au pied &#8211; Tube flexible avec contr\u00f4le de d\u00e9bit d\u2019air \u00e0 la poigne &#8211; Dimensions: 33 x 23 x 26 cm &#8211; Poids: 4.1 kg &#8211; Couleur: Rouge &#8211; <span style=\"color: #ff0000;\">Warranty: 1 year<\/span><\/p>","protected":false},"featured_media":4108,"comment_status":"open","ping_status":"closed","template":"","meta":[],"store":[],"product_brand":[],"product_cat":[154,369],"product_tag":[],"class_list":{"0":"post-4106","1":"product","2":"type-product","3":"status-publish","4":"has-post-thumbnail","6":"product_cat-electromenager","7":"product_cat-aspirateur","9":"first","10":"instock","11":"shipping-taxable","12":"purchasable","13":"product-type-simple"},"_links":{"self":[{"href":"https:\/\/mysmartservice.tn\/en\/wp-json\/wp\/v2\/product\/4106","targetHints":{"allow":["GET"]}}],"collection":[{"href":"https:\/\/mysmartservice.tn\/en\/wp-json\/wp\/v2\/product"}],"about":[{"href":"https:\/\/mysmartservice.tn\/en\/wp-json\/wp\/v2\/types\/product"}],"replies":[{"embeddable":true,"href":"https:\/\/mysmartservice.tn\/en\/wp-json\/wp\/v2\/comments?post=4106"}],"wp:featuredmedia":[{"embeddable":true,"href":"https:\/\/mysmartservice.tn\/en\/wp-json\/wp\/v2\/media\/4108"}],"wp:attachment":[{"href":"https:\/\/mysmartservice.tn\/en\/wp-json\/wp\/v2\/media?parent=4106"}],"wp:term":[{"taxonomy":"store","embeddable":true,"href":"https:\/\/mysmartservice.tn\/en\/wp-json\/wp\/v2\/store?post=4106"},{"taxonomy":"product_brand","embeddable":true,"href":"https:\/\/mysmartservice.tn\/en\/wp-json\/wp\/v2\/product_brand?post=4106"},{"taxonomy":"product_cat","embeddable":true,"href":"https:\/\/mysmartservice.tn\/en\/wp-json\/wp\/v2\/product_cat?post=4106"},{"taxonomy":"product_tag","embeddable":true,"href":"https:\/\/mysmartservice.tn\/en\/wp-json\/wp\/v2\/product_tag?post=4106"}],"curies":[{"name":"wp","href":"https:\/\/api.w.org\/{rel}","templated":true}]}}