{"id":4104,"date":"2025-02-17T15:46:45","date_gmt":"2025-02-17T15:46:45","guid":{"rendered":"https:\/\/mysmartservice.tn\/?post_type=product&#038;p=4104"},"modified":"2025-02-17T15:50:36","modified_gmt":"2025-02-17T15:50:36","slug":"aspirateur-eaupoussiere-souffleur-enzo-vc-1220-2800w-violet","status":"publish","type":"product","link":"https:\/\/mysmartservice.tn\/en\/product\/aspirateur-eaupoussiere-souffleur-enzo-vc-1220-2800w-violet\/","title":{"rendered":"ENZO VC-1220 2800W Water &amp; Dust Vacuum Cleaner + Blower \u2013 Purple"},"content":{"rendered":"","protected":false},"excerpt":{"rendered":"<p>Vacuum cleaner\u00a0<span style=\"color: #ff0000;\"><strong>Eau&amp;Poussi\u00e8re + Souffleur<\/strong>\u00a0<\/span>ENZO &#8211; Puissance:\u00a0<strong><span style=\"color: #3366ff;\">2800 watts<\/span>\u00a0<\/strong>&#8211; Capacit\u00e9:\u00a0<span style=\"color: #ff0000;\"><strong>7 Litres<\/strong>\u00a0<\/span>&#8211; 4 roues pouvant tourner \u00e0<span style=\"color: #3366ff;\">\u00a0<strong>360\u00ba<\/strong>\u00a0&#8211;<\/span> Embout avec poils synth\u00e9tiques pour les \u00e9tag\u00e8res et les meubles &#8211; Ext\u00e9rieur translucide pou &#8211; Aspiration \u00e0 sec ou humide &#8211; Embout pour espaces restreints &#8211; Couleur: Violet &#8211; <span style=\"color: #ff0000;\">Garantie: 1an<\/span><\/p>","protected":false},"featured_media":4105,"comment_status":"open","ping_status":"closed","template":"","meta":[],"store":[],"product_brand":[],"product_cat":[154,369],"product_tag":[],"class_list":{"0":"post-4104","1":"product","2":"type-product","3":"status-publish","4":"has-post-thumbnail","6":"product_cat-electromenager","7":"product_cat-aspirateur","9":"first","10":"instock","11":"shipping-taxable","12":"purchasable","13":"product-type-simple"},"_links":{"self":[{"href":"https:\/\/mysmartservice.tn\/en\/wp-json\/wp\/v2\/product\/4104","targetHints":{"allow":["GET"]}}],"collection":[{"href":"https:\/\/mysmartservice.tn\/en\/wp-json\/wp\/v2\/product"}],"about":[{"href":"https:\/\/mysmartservice.tn\/en\/wp-json\/wp\/v2\/types\/product"}],"replies":[{"embeddable":true,"href":"https:\/\/mysmartservice.tn\/en\/wp-json\/wp\/v2\/comments?post=4104"}],"wp:featuredmedia":[{"embeddable":true,"href":"https:\/\/mysmartservice.tn\/en\/wp-json\/wp\/v2\/media\/4105"}],"wp:attachment":[{"href":"https:\/\/mysmartservice.tn\/en\/wp-json\/wp\/v2\/media?parent=4104"}],"wp:term":[{"taxonomy":"store","embeddable":true,"href":"https:\/\/mysmartservice.tn\/en\/wp-json\/wp\/v2\/store?post=4104"},{"taxonomy":"product_brand","embeddable":true,"href":"https:\/\/mysmartservice.tn\/en\/wp-json\/wp\/v2\/product_brand?post=4104"},{"taxonomy":"product_cat","embeddable":true,"href":"https:\/\/mysmartservice.tn\/en\/wp-json\/wp\/v2\/product_cat?post=4104"},{"taxonomy":"product_tag","embeddable":true,"href":"https:\/\/mysmartservice.tn\/en\/wp-json\/wp\/v2\/product_tag?post=4104"}],"curies":[{"name":"wp","href":"https:\/\/api.w.org\/{rel}","templated":true}]}}