{"id":4089,"date":"2025-02-17T14:54:58","date_gmt":"2025-02-17T14:54:58","guid":{"rendered":"https:\/\/mysmartservice.tn\/?post_type=product&#038;p=4089"},"modified":"2025-02-17T14:57:58","modified_gmt":"2025-02-17T14:57:58","slug":"aspirateur-balai-2en1-prova-pe-003ge-rg-600w-rouge","status":"publish","type":"product","link":"https:\/\/mysmartservice.tn\/en\/product\/aspirateur-balai-2en1-prova-pe-003ge-rg-600w-rouge\/","title":{"rendered":"2IN1 PROVA PE-003GE-RG 600W Broom Vacuum Cleaner \u2013 Red"},"content":{"rendered":"","protected":false},"excerpt":{"rendered":"<p>Aspirateur Balai 2EN1 PROVA &#8211; Puissance:<span style=\"color: #ff0000;\">\u00a0<strong>600 Watts<\/strong>\u00a0<\/span>&#8211; Capacit\u00e9 du r\u00e9servoir \u00e0 poussi\u00e8re:<strong>\u00a0<span style=\"color: #3366ff;\">1Litre\u00a0<\/span><\/strong>&#8211; C\u00e2ble Alimentation: 5 M\u00e8tres &#8211; Tube t\u00e9lescopique en m\u00e9tal 60cm &#8211; Tuyau flexible 1.5M\u00e8tres avec \u00e9coulement d\u2019air sur la poign\u00e9e &#8211; Conception de bruit inf\u00e9rieure &#8211; Filtre lavable &#8211; Interrupteur \u00e0 p\u00e9dale et fil r\u00e9enroul\u00e8rent automatique &#8211; Dimension : 36 x 11 x 12 cm &#8211; Couleur: Rouge &#8211; <span style=\"color: #ff0000;\">Garantie: 1an<\/span><\/p>","protected":false},"featured_media":4091,"comment_status":"open","ping_status":"closed","template":"","meta":[],"store":[],"product_brand":[],"product_cat":[154,369],"product_tag":[],"class_list":{"0":"post-4089","1":"product","2":"type-product","3":"status-publish","4":"has-post-thumbnail","6":"product_cat-electromenager","7":"product_cat-aspirateur","9":"first","10":"instock","11":"shipping-taxable","12":"purchasable","13":"product-type-simple"},"_links":{"self":[{"href":"https:\/\/mysmartservice.tn\/en\/wp-json\/wp\/v2\/product\/4089","targetHints":{"allow":["GET"]}}],"collection":[{"href":"https:\/\/mysmartservice.tn\/en\/wp-json\/wp\/v2\/product"}],"about":[{"href":"https:\/\/mysmartservice.tn\/en\/wp-json\/wp\/v2\/types\/product"}],"replies":[{"embeddable":true,"href":"https:\/\/mysmartservice.tn\/en\/wp-json\/wp\/v2\/comments?post=4089"}],"wp:featuredmedia":[{"embeddable":true,"href":"https:\/\/mysmartservice.tn\/en\/wp-json\/wp\/v2\/media\/4091"}],"wp:attachment":[{"href":"https:\/\/mysmartservice.tn\/en\/wp-json\/wp\/v2\/media?parent=4089"}],"wp:term":[{"taxonomy":"store","embeddable":true,"href":"https:\/\/mysmartservice.tn\/en\/wp-json\/wp\/v2\/store?post=4089"},{"taxonomy":"product_brand","embeddable":true,"href":"https:\/\/mysmartservice.tn\/en\/wp-json\/wp\/v2\/product_brand?post=4089"},{"taxonomy":"product_cat","embeddable":true,"href":"https:\/\/mysmartservice.tn\/en\/wp-json\/wp\/v2\/product_cat?post=4089"},{"taxonomy":"product_tag","embeddable":true,"href":"https:\/\/mysmartservice.tn\/en\/wp-json\/wp\/v2\/product_tag?post=4089"}],"curies":[{"name":"wp","href":"https:\/\/api.w.org\/{rel}","templated":true}]}}