{"id":4085,"date":"2025-02-17T14:47:12","date_gmt":"2025-02-17T14:47:12","guid":{"rendered":"https:\/\/mysmartservice.tn\/?post_type=product&#038;p=4085"},"modified":"2025-02-17T14:52:58","modified_gmt":"2025-02-17T14:52:58","slug":"aspirateur-a-main-xo-cz001a-120w-noir","status":"publish","type":"product","link":"https:\/\/mysmartservice.tn\/en\/product\/aspirateur-a-main-xo-cz001a-120w-noir\/","title":{"rendered":"XO CZ001A 120W Handheld Vacuum Cleaner \u2013 Black"},"content":{"rendered":"","protected":false},"excerpt":{"rendered":"<p>Aspirateur \u00e0 main XO &#8211; Puissance:\u00a0<span style=\"color: #ff0000;\"><strong>120 Watts<\/strong>\u00a0<\/span>&#8211; C\u00e2ble:<strong>\u00a0<\/strong>5 m\u00e8tres &#8211;\u00a0<span style=\"color: #3366ff;\"><strong>cyclone 360\u00b0\u00a0<\/strong><\/span>&#8211; 5 buses suppl\u00e9mentaires pour nettoyer tous les coins et recoins de la voiture &#8211; Facile \u00e0 entretenir &#8211; Nettoyez le filtre et le bac \u00e0 poussi\u00e8re avec de l\u2019eau &#8211; Pratique &#8211; Dimensions : 330 x 90 x 90 mm &#8211; Couleur: Noir &#8211; <span style=\"color: #ff0000;\">Garantie: 1an<\/span><\/p>","protected":false},"featured_media":4088,"comment_status":"open","ping_status":"closed","template":"","meta":[],"store":[],"product_brand":[],"product_cat":[154,369],"product_tag":[],"class_list":{"0":"post-4085","1":"product","2":"type-product","3":"status-publish","4":"has-post-thumbnail","6":"product_cat-electromenager","7":"product_cat-aspirateur","9":"first","10":"instock","11":"shipping-taxable","12":"purchasable","13":"product-type-simple"},"_links":{"self":[{"href":"https:\/\/mysmartservice.tn\/en\/wp-json\/wp\/v2\/product\/4085","targetHints":{"allow":["GET"]}}],"collection":[{"href":"https:\/\/mysmartservice.tn\/en\/wp-json\/wp\/v2\/product"}],"about":[{"href":"https:\/\/mysmartservice.tn\/en\/wp-json\/wp\/v2\/types\/product"}],"replies":[{"embeddable":true,"href":"https:\/\/mysmartservice.tn\/en\/wp-json\/wp\/v2\/comments?post=4085"}],"wp:featuredmedia":[{"embeddable":true,"href":"https:\/\/mysmartservice.tn\/en\/wp-json\/wp\/v2\/media\/4088"}],"wp:attachment":[{"href":"https:\/\/mysmartservice.tn\/en\/wp-json\/wp\/v2\/media?parent=4085"}],"wp:term":[{"taxonomy":"store","embeddable":true,"href":"https:\/\/mysmartservice.tn\/en\/wp-json\/wp\/v2\/store?post=4085"},{"taxonomy":"product_brand","embeddable":true,"href":"https:\/\/mysmartservice.tn\/en\/wp-json\/wp\/v2\/product_brand?post=4085"},{"taxonomy":"product_cat","embeddable":true,"href":"https:\/\/mysmartservice.tn\/en\/wp-json\/wp\/v2\/product_cat?post=4085"},{"taxonomy":"product_tag","embeddable":true,"href":"https:\/\/mysmartservice.tn\/en\/wp-json\/wp\/v2\/product_tag?post=4085"}],"curies":[{"name":"wp","href":"https:\/\/api.w.org\/{rel}","templated":true}]}}