{"id":4081,"date":"2025-02-17T14:39:42","date_gmt":"2025-02-17T14:39:42","guid":{"rendered":"https:\/\/mysmartservice.tn\/?post_type=product&#038;p=4081"},"modified":"2025-02-17T14:44:21","modified_gmt":"2025-02-17T14:44:21","slug":"aspirateur-a-main-3en1-rechargeable-as-228-10w-noir","status":"publish","type":"product","link":"https:\/\/mysmartservice.tn\/en\/product\/aspirateur-a-main-3en1-rechargeable-as-228-10w-noir\/","title":{"rendered":"3IN1 Rechargeable Handheld Vacuum Cleaner AS-228 10W \u2013 Black"},"content":{"rendered":"","protected":false},"excerpt":{"rendered":"<p>Aspirateur \u00e0 main 3EN1 &#8211; Utilisation:<span style=\"color: #ff0000;\">\u00a0<strong>Sans Fil\u00a0<\/strong><\/span>&#8211; Alimentation:<span style=\"color: #3366ff;\"><strong>\u00a0Rechargeable USB<\/strong><\/span>\u00a0- Power:\u00a0<span style=\"color: #3366ff;\"><strong>10 Watts<\/strong>\u00a0<\/span>&#8211; Offre une solution compl\u00e8te pour un nettoyage rapide et efficace &#8211; Parfait pour le nettoyage de la maison et de la voiture &#8211; Design Ergonomique: L\u00e9ger et maniable, il est facile \u00e0 utiliser et \u00e0 ranger, m\u00eame dans les espaces r\u00e9duits &#8211; <span style=\"color: #ff0000;\">Couleur: Noir<\/span><\/p>","protected":false},"featured_media":4084,"comment_status":"open","ping_status":"closed","template":"","meta":[],"store":[],"product_brand":[],"product_cat":[154,369],"product_tag":[],"class_list":{"0":"post-4081","1":"product","2":"type-product","3":"status-publish","4":"has-post-thumbnail","6":"product_cat-electromenager","7":"product_cat-aspirateur","9":"first","10":"instock","11":"shipping-taxable","12":"purchasable","13":"product-type-simple"},"_links":{"self":[{"href":"https:\/\/mysmartservice.tn\/en\/wp-json\/wp\/v2\/product\/4081","targetHints":{"allow":["GET"]}}],"collection":[{"href":"https:\/\/mysmartservice.tn\/en\/wp-json\/wp\/v2\/product"}],"about":[{"href":"https:\/\/mysmartservice.tn\/en\/wp-json\/wp\/v2\/types\/product"}],"replies":[{"embeddable":true,"href":"https:\/\/mysmartservice.tn\/en\/wp-json\/wp\/v2\/comments?post=4081"}],"wp:featuredmedia":[{"embeddable":true,"href":"https:\/\/mysmartservice.tn\/en\/wp-json\/wp\/v2\/media\/4084"}],"wp:attachment":[{"href":"https:\/\/mysmartservice.tn\/en\/wp-json\/wp\/v2\/media?parent=4081"}],"wp:term":[{"taxonomy":"store","embeddable":true,"href":"https:\/\/mysmartservice.tn\/en\/wp-json\/wp\/v2\/store?post=4081"},{"taxonomy":"product_brand","embeddable":true,"href":"https:\/\/mysmartservice.tn\/en\/wp-json\/wp\/v2\/product_brand?post=4081"},{"taxonomy":"product_cat","embeddable":true,"href":"https:\/\/mysmartservice.tn\/en\/wp-json\/wp\/v2\/product_cat?post=4081"},{"taxonomy":"product_tag","embeddable":true,"href":"https:\/\/mysmartservice.tn\/en\/wp-json\/wp\/v2\/product_tag?post=4081"}],"curies":[{"name":"wp","href":"https:\/\/api.w.org\/{rel}","templated":true}]}}