{"id":4078,"date":"2025-02-17T14:34:23","date_gmt":"2025-02-17T14:34:23","guid":{"rendered":"https:\/\/mysmartservice.tn\/?post_type=product&#038;p=4078"},"modified":"2025-02-17T14:37:29","modified_gmt":"2025-02-17T14:37:29","slug":"batteur-avec-bol-floria-zln7574-150w-noir","status":"publish","type":"product","link":"https:\/\/mysmartservice.tn\/en\/product\/batteur-avec-bol-floria-zln7574-150w-noir\/","title":{"rendered":"FLORIA ZLN7574 150W Mixer with Bowl \u2013 Black"},"content":{"rendered":"","protected":false},"excerpt":{"rendered":"<p>Batteur avec Bol FLORIA &#8211; Puissance:\u00a0<span style=\"color: #ff0000;\"><strong>150 Watts<\/strong><\/span>\u00a0&#8211; Capacit\u00e9 bol:\u00a0<span style=\"color: #3366ff;\"><strong>2.5 Litres\u00a0<\/strong>&#8211;<\/span> Nombre de vitesses:\u00a0<span style=\"color: #3366ff;\"><strong>7 Vitesses<\/strong>\u00a0&#8211;<\/span> Pieds anti-d\u00e9rapant &#8211; Deux batteurs et crochets chrom\u00e9s &#8211; Bouton d&rsquo;\u00e9jection avec dispositif de s\u00e9curit\u00e9 &#8211; Facile \u00e0 utiliser et \u00e0 nettoyer &#8211; Couleur: Noir &#8211; <span style=\"color: #ff0000;\">Warranty: 1 year<\/span><\/p>","protected":false},"featured_media":4080,"comment_status":"open","ping_status":"closed","template":"","meta":[],"store":[],"product_brand":[],"product_cat":[154,370],"product_tag":[],"class_list":{"0":"post-4078","1":"product","2":"type-product","3":"status-publish","4":"has-post-thumbnail","6":"product_cat-electromenager","7":"product_cat-mixeur-batteur","9":"first","10":"instock","11":"shipping-taxable","12":"purchasable","13":"product-type-simple"},"_links":{"self":[{"href":"https:\/\/mysmartservice.tn\/en\/wp-json\/wp\/v2\/product\/4078","targetHints":{"allow":["GET"]}}],"collection":[{"href":"https:\/\/mysmartservice.tn\/en\/wp-json\/wp\/v2\/product"}],"about":[{"href":"https:\/\/mysmartservice.tn\/en\/wp-json\/wp\/v2\/types\/product"}],"replies":[{"embeddable":true,"href":"https:\/\/mysmartservice.tn\/en\/wp-json\/wp\/v2\/comments?post=4078"}],"wp:featuredmedia":[{"embeddable":true,"href":"https:\/\/mysmartservice.tn\/en\/wp-json\/wp\/v2\/media\/4080"}],"wp:attachment":[{"href":"https:\/\/mysmartservice.tn\/en\/wp-json\/wp\/v2\/media?parent=4078"}],"wp:term":[{"taxonomy":"store","embeddable":true,"href":"https:\/\/mysmartservice.tn\/en\/wp-json\/wp\/v2\/store?post=4078"},{"taxonomy":"product_brand","embeddable":true,"href":"https:\/\/mysmartservice.tn\/en\/wp-json\/wp\/v2\/product_brand?post=4078"},{"taxonomy":"product_cat","embeddable":true,"href":"https:\/\/mysmartservice.tn\/en\/wp-json\/wp\/v2\/product_cat?post=4078"},{"taxonomy":"product_tag","embeddable":true,"href":"https:\/\/mysmartservice.tn\/en\/wp-json\/wp\/v2\/product_tag?post=4078"}],"curies":[{"name":"wp","href":"https:\/\/api.w.org\/{rel}","templated":true}]}}