{"id":4075,"date":"2025-02-17T14:28:43","date_gmt":"2025-02-17T14:28:43","guid":{"rendered":"https:\/\/mysmartservice.tn\/?post_type=product&#038;p=4075"},"modified":"2025-02-17T14:32:42","modified_gmt":"2025-02-17T14:32:42","slug":"batteur-a-main-coala-300w-noir-et-inox","status":"publish","type":"product","link":"https:\/\/mysmartservice.tn\/en\/product\/batteur-a-main-coala-300w-noir-et-inox\/","title":{"rendered":"COALA 300W Hand Mixer \u2013 Black and Stainless Steel"},"content":{"rendered":"","protected":false},"excerpt":{"rendered":"<p>Batteur \u00e0 Main COALA &#8211;\u00a0<span style=\"color: #ff0000;\"><strong>Puissance:<\/strong>\u00a0<strong>300W<\/strong>\u00a0&#8211;\u00a0<strong>6 vitesses r\u00e9glables<\/strong>\u00a0<\/span>&#8211; Design ergonomique et pose libre sur la table &#8211; ejection facile des accessoires &#8211; nettoyage facile &#8211;\u00a0<span style=\"color: #3366ff;\"><strong>Avec 2 fouets<\/strong><\/span>\u00a0&#8211; Fonctionnalit\u00e9s M\u00e9langeur\u00a0 &#8211; Mat\u00e9riau ABS, Inox &#8211;\u00a0<span style=\"color: #3366ff;\"><strong>Fonction Pulse<\/strong>\u00a0<\/span>&#8211; vous pouvez choisir la vitesse appropri\u00e9e en fonction de vos besoins, adapt\u00e9e aux blancs d&rsquo;\u0153ufs, au beurre, \u00e0 la pur\u00e9e de pommes de terre &#8211; Alimentation (V\/Hz) 220 &#8211; 240 \/ 50 &#8211; Dimensions: 19.5x9x19cm &#8211; Poids: 1.12kg &#8211; Couleur: Noir et inox &#8211; Garantie: 1an<\/p>","protected":false},"featured_media":4076,"comment_status":"open","ping_status":"closed","template":"","meta":[],"store":[576],"product_brand":[],"product_cat":[154,370],"product_tag":[],"class_list":{"0":"post-4075","1":"product","2":"type-product","3":"status-publish","4":"has-post-thumbnail","6":"store-coala","7":"product_cat-electromenager","8":"product_cat-mixeur-batteur","10":"first","11":"instock","12":"shipping-taxable","13":"purchasable","14":"product-type-simple"},"_links":{"self":[{"href":"https:\/\/mysmartservice.tn\/en\/wp-json\/wp\/v2\/product\/4075","targetHints":{"allow":["GET"]}}],"collection":[{"href":"https:\/\/mysmartservice.tn\/en\/wp-json\/wp\/v2\/product"}],"about":[{"href":"https:\/\/mysmartservice.tn\/en\/wp-json\/wp\/v2\/types\/product"}],"replies":[{"embeddable":true,"href":"https:\/\/mysmartservice.tn\/en\/wp-json\/wp\/v2\/comments?post=4075"}],"wp:featuredmedia":[{"embeddable":true,"href":"https:\/\/mysmartservice.tn\/en\/wp-json\/wp\/v2\/media\/4076"}],"wp:attachment":[{"href":"https:\/\/mysmartservice.tn\/en\/wp-json\/wp\/v2\/media?parent=4075"}],"wp:term":[{"taxonomy":"store","embeddable":true,"href":"https:\/\/mysmartservice.tn\/en\/wp-json\/wp\/v2\/store?post=4075"},{"taxonomy":"product_brand","embeddable":true,"href":"https:\/\/mysmartservice.tn\/en\/wp-json\/wp\/v2\/product_brand?post=4075"},{"taxonomy":"product_cat","embeddable":true,"href":"https:\/\/mysmartservice.tn\/en\/wp-json\/wp\/v2\/product_cat?post=4075"},{"taxonomy":"product_tag","embeddable":true,"href":"https:\/\/mysmartservice.tn\/en\/wp-json\/wp\/v2\/product_tag?post=4075"}],"curies":[{"name":"wp","href":"https:\/\/api.w.org\/{rel}","templated":true}]}}