{"id":4067,"date":"2025-02-17T14:14:44","date_gmt":"2025-02-17T14:14:44","guid":{"rendered":"https:\/\/mysmartservice.tn\/?post_type=product&#038;p=4067"},"modified":"2025-02-17T14:18:21","modified_gmt":"2025-02-17T14:18:21","slug":"mixeur-plongeant-kiwi-khb-4415-300w-blanc","status":"publish","type":"product","link":"https:\/\/mysmartservice.tn\/en\/product\/mixeur-plongeant-kiwi-khb-4415-300w-blanc\/","title":{"rendered":"KIWI KHB-4415 300W Hand Blender \u2013 White"},"content":{"rendered":"","protected":false},"excerpt":{"rendered":"<p>Mixeur Plongeant KIWI &#8211; Puissance:\u00a0<span style=\"color: #ff0000;\"><strong>300 Watts<\/strong><\/span>\u00a0&#8211; Nombre de vitesse:\u00a0<span style=\"color: #3366ff;\"><strong>1 vitesse<\/strong>\u00a0<\/span>&#8211; DC moteur &#8211; Lame en\u00a0<span style=\"color: #ff0000;\"><strong>acier inoxydable<\/strong><\/span>\u00a0&#8211; R\u00e9sistant \u00e0 la chaleur et t\u00eate de mixage &#8211; Design ergonomique &#8211; Couleur: Blanc &#8211; Garantie: 1an<\/p>","protected":false},"featured_media":4068,"comment_status":"open","ping_status":"closed","template":"","meta":[],"store":[],"product_brand":[],"product_cat":[154,370],"product_tag":[],"class_list":{"0":"post-4067","1":"product","2":"type-product","3":"status-publish","4":"has-post-thumbnail","6":"product_cat-electromenager","7":"product_cat-mixeur-batteur","9":"first","10":"instock","11":"shipping-taxable","12":"purchasable","13":"product-type-simple"},"_links":{"self":[{"href":"https:\/\/mysmartservice.tn\/en\/wp-json\/wp\/v2\/product\/4067","targetHints":{"allow":["GET"]}}],"collection":[{"href":"https:\/\/mysmartservice.tn\/en\/wp-json\/wp\/v2\/product"}],"about":[{"href":"https:\/\/mysmartservice.tn\/en\/wp-json\/wp\/v2\/types\/product"}],"replies":[{"embeddable":true,"href":"https:\/\/mysmartservice.tn\/en\/wp-json\/wp\/v2\/comments?post=4067"}],"wp:featuredmedia":[{"embeddable":true,"href":"https:\/\/mysmartservice.tn\/en\/wp-json\/wp\/v2\/media\/4068"}],"wp:attachment":[{"href":"https:\/\/mysmartservice.tn\/en\/wp-json\/wp\/v2\/media?parent=4067"}],"wp:term":[{"taxonomy":"store","embeddable":true,"href":"https:\/\/mysmartservice.tn\/en\/wp-json\/wp\/v2\/store?post=4067"},{"taxonomy":"product_brand","embeddable":true,"href":"https:\/\/mysmartservice.tn\/en\/wp-json\/wp\/v2\/product_brand?post=4067"},{"taxonomy":"product_cat","embeddable":true,"href":"https:\/\/mysmartservice.tn\/en\/wp-json\/wp\/v2\/product_cat?post=4067"},{"taxonomy":"product_tag","embeddable":true,"href":"https:\/\/mysmartservice.tn\/en\/wp-json\/wp\/v2\/product_tag?post=4067"}],"curies":[{"name":"wp","href":"https:\/\/api.w.org\/{rel}","templated":true}]}}