{"id":4052,"date":"2025-02-11T16:40:08","date_gmt":"2025-02-11T16:40:08","guid":{"rendered":"https:\/\/mysmartservice.tn\/?post_type=product&#038;p=4052"},"modified":"2025-02-17T13:34:23","modified_gmt":"2025-02-17T13:34:23","slug":"iphone-15-128go-noir-apple","status":"publish","type":"product","link":"https:\/\/mysmartservice.tn\/en\/product\/iphone-15-128go-noir-apple\/","title":{"rendered":"iPhone 15 128GB Black \u2013 APPLE"},"content":{"rendered":"","protected":false},"excerpt":{"rendered":"<p>Screen<span style=\"color: #ff0000;\">\u00a0<strong>6,1&Prime;<\/strong>\u00a0<\/span><strong><span style=\"color: #ff0000;\">OLED Super Retina XDR HDR10<\/span>, Dolby Vision<\/strong>\u00a0- Resolution:<strong>\u00a0<span style=\"color: #3366ff;\">2556 x 1179 pixels \u00e0 460 ppp\u00a0<\/span><\/strong>\u2013 Processor:\u00a0<strong><span style=\"color: #ff0000;\">Puce A16 Bionic<\/span> (4nm)<\/strong>\u00a0<strong>Hexa-core\u00a0<\/strong>(2&#215;3,46 GHz Everest + 4&#215;2,02 GHz en dents de scie) &#8211;<strong>\u00a0<\/strong>GPU\u00a0<strong>Apple (graphiques 5 c\u0153urs) &#8211;\u00a0<\/strong>Operating System:\u00a0<strong><span style=\"color: #3366ff;\">iOS 17<\/span>\u00a0<\/strong>\u2013 RAM memory:<span style=\"color: #ff0000;\">\u00a0<strong>6 GB<\/strong>\u00a0<\/span>&#8211; Stockage<span style=\"color: #ff0000;\">:\u00a0<strong>128GB<\/strong><\/span>\u00a0\u2013 Rear Camera:\u00a0<span style=\"color: #3366ff;\"><strong>DualPixels: 48 MP<\/strong><\/span>, f\/1,6, 26 mm\u00a0<strong>+\u00a012 MP<\/strong>, f\/2,4, 13 mm, Zoom num\u00e9rique jusqu&rsquo;\u00e0 10x &#8211; Appareil Avant:\u00a0<span style=\"color: #ff0000;\"><strong>12 M\u00e9gaPixels<\/strong><\/span>, f\/1.9 &#8211; Vid\u00e9o 4K \u00e0 24\/25\/30\/60 ip &#8211; Son st\u00e9r\u00e9o<strong>\u00a0<\/strong>\u2013 Connectivity:\u00a0<strong><span style=\"color: #3366ff;\">5G NR, Wi\u2011Fi 6, Bluetooth 5.3,<\/span> USB Type-C 2.0<\/strong>\u00a0&#8211; Autonomie jusqu\u2019\u00e0 20 heures de lecture vid\u00e9o, Streaming vid\u00e9o : Jusqu\u2019\u00e0 16 heures, Lecture audio : Jusqu\u2019\u00e0 80 heures &#8211; Batterie:\u00a0<strong>Li-Ion 3349\u00a0mAh &#8211;\u00a0Charge rapide, PD2.0, 50% en 30 min &#8211; 15W sans fil (MagSafe)\u00a0<\/strong>&#8211;<strong>\u00a0Face ID &#8211; Apple Pay &#8211; Siri &#8211; NFC<\/strong>\u00a0&#8211;\u00a0<strong>Indice de protection IP68<\/strong>\u00a0&#8211;\u00a0<strong>D\u00e9tection des accidents &#8211; Appel d\u2019urgence<\/strong>\u00a0\u2013 Color: Black \u2013<span style=\"color: #ff0000;\"> Warranty: 1 year<\/span><\/p>\n<ul>\n<li><span style=\"color: #ff00ff;\"><strong>\u00c9couteurs &amp; Adaptateur chargeur non inclus<\/strong><\/span><\/li>\n<\/ul>","protected":false},"featured_media":4055,"comment_status":"open","ping_status":"closed","template":"","meta":[],"store":[49],"product_brand":[],"product_cat":[15],"product_tag":[],"class_list":{"0":"post-4052","1":"product","2":"type-product","3":"status-publish","4":"has-post-thumbnail","6":"store-apple","7":"product_cat-uncategorized","9":"first","10":"instock","11":"shipping-taxable","12":"purchasable","13":"product-type-simple"},"_links":{"self":[{"href":"https:\/\/mysmartservice.tn\/en\/wp-json\/wp\/v2\/product\/4052","targetHints":{"allow":["GET"]}}],"collection":[{"href":"https:\/\/mysmartservice.tn\/en\/wp-json\/wp\/v2\/product"}],"about":[{"href":"https:\/\/mysmartservice.tn\/en\/wp-json\/wp\/v2\/types\/product"}],"replies":[{"embeddable":true,"href":"https:\/\/mysmartservice.tn\/en\/wp-json\/wp\/v2\/comments?post=4052"}],"wp:featuredmedia":[{"embeddable":true,"href":"https:\/\/mysmartservice.tn\/en\/wp-json\/wp\/v2\/media\/4055"}],"wp:attachment":[{"href":"https:\/\/mysmartservice.tn\/en\/wp-json\/wp\/v2\/media?parent=4052"}],"wp:term":[{"taxonomy":"store","embeddable":true,"href":"https:\/\/mysmartservice.tn\/en\/wp-json\/wp\/v2\/store?post=4052"},{"taxonomy":"product_brand","embeddable":true,"href":"https:\/\/mysmartservice.tn\/en\/wp-json\/wp\/v2\/product_brand?post=4052"},{"taxonomy":"product_cat","embeddable":true,"href":"https:\/\/mysmartservice.tn\/en\/wp-json\/wp\/v2\/product_cat?post=4052"},{"taxonomy":"product_tag","embeddable":true,"href":"https:\/\/mysmartservice.tn\/en\/wp-json\/wp\/v2\/product_tag?post=4052"}],"curies":[{"name":"wp","href":"https:\/\/api.w.org\/{rel}","templated":true}]}}