{"id":3883,"date":"2025-02-09T16:42:53","date_gmt":"2025-02-09T16:42:53","guid":{"rendered":"https:\/\/mysmartservice.tn\/?post_type=product&#038;p=3883"},"modified":"2025-02-09T17:41:13","modified_gmt":"2025-02-09T17:41:13","slug":"climatiseur-coala-12000-btu-froid-garantie-3-ans","status":"publish","type":"product","link":"https:\/\/mysmartservice.tn\/en\/product\/climatiseur-coala-12000-btu-froid-garantie-3-ans\/","title":{"rendered":"COALA 12000 BTU Cold Air Conditioner \u2013 3-year warranty"},"content":{"rendered":"","protected":false},"excerpt":{"rendered":"<p>Air conditioner <span style=\"color: #ff0000;\">COALA<\/span> - Power:\u00a0<span style=\"color: #3366ff;\"><strong>12<\/strong><strong>000 BTU<\/strong>\u00a0<\/span>- Fashion:\u00a0<span style=\"color: #ff0000;\"><strong>Cold<\/strong><\/span>\u00a0&#8211; Mod\u00e8le:<span style=\"color: #3366ff;\">\u00a0<strong>SP12F<\/strong>\u00a0<\/span>&#8211; Fluide frigorig\u00e8ne:\u00a0<strong><span style=\"color: #3366ff;\">R410a<\/span>\u00a0<\/strong>\u2013 Plasma Filter \u2013\u00a0<strong>Auto Nettoyage:<\/strong>\u00a0Nettoyage automatique du climatiseur &#8211; Economie d&rsquo; \u00e9nergie jusqu&rsquo;\u00e0 40 % &#8211; Niveau sonore r\u00e9duit &#8211;<span style=\"color: #ff0000;\">\u00a0<strong>Warranty: 3 years<\/strong><\/span><\/p>","protected":false},"featured_media":3884,"comment_status":"open","ping_status":"closed","template":"","meta":[],"store":[576],"product_brand":[],"product_cat":[154,367],"product_tag":[],"class_list":{"0":"post-3883","1":"product","2":"type-product","3":"status-publish","4":"has-post-thumbnail","6":"store-coala","7":"product_cat-electromenager","8":"product_cat-climatiseur","10":"first","11":"instock","12":"shipping-taxable","13":"purchasable","14":"product-type-simple"},"_links":{"self":[{"href":"https:\/\/mysmartservice.tn\/en\/wp-json\/wp\/v2\/product\/3883","targetHints":{"allow":["GET"]}}],"collection":[{"href":"https:\/\/mysmartservice.tn\/en\/wp-json\/wp\/v2\/product"}],"about":[{"href":"https:\/\/mysmartservice.tn\/en\/wp-json\/wp\/v2\/types\/product"}],"replies":[{"embeddable":true,"href":"https:\/\/mysmartservice.tn\/en\/wp-json\/wp\/v2\/comments?post=3883"}],"wp:featuredmedia":[{"embeddable":true,"href":"https:\/\/mysmartservice.tn\/en\/wp-json\/wp\/v2\/media\/3884"}],"wp:attachment":[{"href":"https:\/\/mysmartservice.tn\/en\/wp-json\/wp\/v2\/media?parent=3883"}],"wp:term":[{"taxonomy":"store","embeddable":true,"href":"https:\/\/mysmartservice.tn\/en\/wp-json\/wp\/v2\/store?post=3883"},{"taxonomy":"product_brand","embeddable":true,"href":"https:\/\/mysmartservice.tn\/en\/wp-json\/wp\/v2\/product_brand?post=3883"},{"taxonomy":"product_cat","embeddable":true,"href":"https:\/\/mysmartservice.tn\/en\/wp-json\/wp\/v2\/product_cat?post=3883"},{"taxonomy":"product_tag","embeddable":true,"href":"https:\/\/mysmartservice.tn\/en\/wp-json\/wp\/v2\/product_tag?post=3883"}],"curies":[{"name":"wp","href":"https:\/\/api.w.org\/{rel}","templated":true}]}}