{"id":3874,"date":"2025-02-08T22:54:39","date_gmt":"2025-02-08T22:54:39","guid":{"rendered":"https:\/\/mysmartservice.tn\/?post_type=product&#038;p=3874"},"modified":"2025-02-08T23:06:59","modified_gmt":"2025-02-08T23:06:59","slug":"lave-linge-frontal-bosch-waj2018ma-8kg-blanc","status":"publish","type":"product","link":"https:\/\/mysmartservice.tn\/en\/product\/lave-linge-frontal-bosch-waj2018ma-8kg-blanc\/","title":{"rendered":"BOSCH WAJ2018MA 8Kg Front Washing Machine \u2013 White"},"content":{"rendered":"","protected":false},"excerpt":{"rendered":"<p>Lave Linge Frontal\u00a0<span style=\"color: #ff0000;\">BOSCH<\/span> &#8211; Capacit\u00e9 de lavage:<strong>\u00a0<span style=\"color: #3366ff;\">8 kg<\/span>\u00a0&#8211;\u00a0<\/strong>Consommation d&rsquo;eau:<strong>\u00a0<span style=\"color: #ff0000;\">11000 litres\/ an<\/span>\u00a0&#8211;\u00a0<\/strong>Vitesse d&rsquo;Essorage:\u00a0<strong><span style=\"color: #3366ff;\">1000 tours\/min<\/span>&#8211;\u00a0<\/strong>Classe \u00c9nerg\u00e9tique:\u00a0<strong>A+++<\/strong><strong>\u00a0&#8211;\u00a0<\/strong>Consommation d&rsquo;\u00e9nergie annuelle:\u00a0<strong><span style=\"color: #ff0000;\">157 kWh\u00a0<\/span>&#8211;\u00a0<\/strong>Consommation d&rsquo;\u00e9nergie au programme:\u00a0<strong>60 \u00b0C 0.92 kWh &#8211;<span style=\"color: #3366ff;\">\u00a09 programmes<\/span>\u00a0&#8211;\u00a0<\/strong>Affichage:<strong>\u00a0<span style=\"color: #3366ff;\">LED &#8211;\u00a0varioSpeed\u00a0&#8211;\u00a0EcoSilence Drive\u00a0&#8211;\u00a0SpeedPerfect\u00a0<\/span>&#8211;\u00a0<\/strong>Syst\u00e8me de protection anti-fuite &#8211; Syst\u00e8me AquaLift Plus &#8211; D\u00e9tection mousse &#8211; D\u00e9tection antibalourd &#8211; Verouillage s\u00e9curit\u00e9 enfants &#8211; Bac produit autonettoyant &#8211; Dimensions: (H x L x P): 84.8 x 59.8 x 59 cm &#8211; Couleur: Blanc &#8211;\u00a0<span style=\"color: #ff0000;\"><strong>Garantie: 2ans + 10 ans sur moteur<\/strong><\/span><\/p>","protected":false},"featured_media":3876,"comment_status":"open","ping_status":"closed","template":"","meta":[],"store":[514],"product_brand":[],"product_cat":[154,365],"product_tag":[],"class_list":{"0":"post-3874","1":"product","2":"type-product","3":"status-publish","4":"has-post-thumbnail","6":"store-boch","7":"product_cat-electromenager","8":"product_cat-machine-a-laver","10":"first","11":"instock","12":"shipping-taxable","13":"purchasable","14":"product-type-simple"},"_links":{"self":[{"href":"https:\/\/mysmartservice.tn\/en\/wp-json\/wp\/v2\/product\/3874","targetHints":{"allow":["GET"]}}],"collection":[{"href":"https:\/\/mysmartservice.tn\/en\/wp-json\/wp\/v2\/product"}],"about":[{"href":"https:\/\/mysmartservice.tn\/en\/wp-json\/wp\/v2\/types\/product"}],"replies":[{"embeddable":true,"href":"https:\/\/mysmartservice.tn\/en\/wp-json\/wp\/v2\/comments?post=3874"}],"wp:featuredmedia":[{"embeddable":true,"href":"https:\/\/mysmartservice.tn\/en\/wp-json\/wp\/v2\/media\/3876"}],"wp:attachment":[{"href":"https:\/\/mysmartservice.tn\/en\/wp-json\/wp\/v2\/media?parent=3874"}],"wp:term":[{"taxonomy":"store","embeddable":true,"href":"https:\/\/mysmartservice.tn\/en\/wp-json\/wp\/v2\/store?post=3874"},{"taxonomy":"product_brand","embeddable":true,"href":"https:\/\/mysmartservice.tn\/en\/wp-json\/wp\/v2\/product_brand?post=3874"},{"taxonomy":"product_cat","embeddable":true,"href":"https:\/\/mysmartservice.tn\/en\/wp-json\/wp\/v2\/product_cat?post=3874"},{"taxonomy":"product_tag","embeddable":true,"href":"https:\/\/mysmartservice.tn\/en\/wp-json\/wp\/v2\/product_tag?post=3874"}],"curies":[{"name":"wp","href":"https:\/\/api.w.org\/{rel}","templated":true}]}}