{"id":3870,"date":"2025-02-08T22:40:15","date_gmt":"2025-02-08T22:40:15","guid":{"rendered":"https:\/\/mysmartservice.tn\/?post_type=product&#038;p=3870"},"modified":"2025-02-08T22:46:32","modified_gmt":"2025-02-08T22:46:32","slug":"montre-connectee-haino-teko-watch-4-pro-rw-32-silver","status":"publish","type":"product","link":"https:\/\/mysmartservice.tn\/en\/product\/montre-connectee-haino-teko-watch-4-pro-rw-32-silver\/","title":{"rendered":"HAINO TEKO Watch 4 PRO RW-32 Smartwatch \u2013 Silver"},"content":{"rendered":"","protected":false},"excerpt":{"rendered":"<p>Montre Connect\u00e9e HAINO TEKO Watch 4 PRO RW-32 &#8211;\u00a0<strong>\u00e9cran couleur tactile Amoled\u00a0<\/strong>&#8211; Verre incurv\u00e9 &#8211; Connectivit\u00e9:\u00a0<strong>Bluetooth\u00a0<\/strong>&#8211;<strong>\u00a0Appel Buetooth et notifications d&rsquo;applications\u00a0<\/strong>\u2013 Autonomy:<strong>\u00a03 \u00e0 5 jours<\/strong>\u00a0&#8211;\u00a0<strong>Fitness Tracking<\/strong>\u00a0: mesure les activit\u00e9s physiques et la fr\u00e9quence cardiaque, Surveillance du sommeil &#8211; Contr\u00f4le de la musique &#8211; Compatible avec Android ou IOS &#8211;\u00a0<strong>Boitier silver\u00a0<\/strong>&#8211; Couleur: Silver &#8211; Garantie: 6mois<\/p>\n<p><strong>+ 3 Ceintures: Cuir marron, silicone noir et acier silver<\/strong><\/p>\n<p><strong>+ Magnetic charger<\/strong><\/p>","protected":false},"featured_media":3873,"comment_status":"open","ping_status":"closed","template":"","meta":[],"store":[510],"product_brand":[],"product_cat":[94,136],"product_tag":[],"class_list":{"0":"post-3870","1":"product","2":"type-product","3":"status-publish","4":"has-post-thumbnail","6":"store-haino-teko-2","7":"product_cat-telephonie-et-montre-connecte","8":"product_cat-smart-watches","10":"first","11":"instock","12":"shipping-taxable","13":"purchasable","14":"product-type-simple"},"_links":{"self":[{"href":"https:\/\/mysmartservice.tn\/en\/wp-json\/wp\/v2\/product\/3870","targetHints":{"allow":["GET"]}}],"collection":[{"href":"https:\/\/mysmartservice.tn\/en\/wp-json\/wp\/v2\/product"}],"about":[{"href":"https:\/\/mysmartservice.tn\/en\/wp-json\/wp\/v2\/types\/product"}],"replies":[{"embeddable":true,"href":"https:\/\/mysmartservice.tn\/en\/wp-json\/wp\/v2\/comments?post=3870"}],"wp:featuredmedia":[{"embeddable":true,"href":"https:\/\/mysmartservice.tn\/en\/wp-json\/wp\/v2\/media\/3873"}],"wp:attachment":[{"href":"https:\/\/mysmartservice.tn\/en\/wp-json\/wp\/v2\/media?parent=3870"}],"wp:term":[{"taxonomy":"store","embeddable":true,"href":"https:\/\/mysmartservice.tn\/en\/wp-json\/wp\/v2\/store?post=3870"},{"taxonomy":"product_brand","embeddable":true,"href":"https:\/\/mysmartservice.tn\/en\/wp-json\/wp\/v2\/product_brand?post=3870"},{"taxonomy":"product_cat","embeddable":true,"href":"https:\/\/mysmartservice.tn\/en\/wp-json\/wp\/v2\/product_cat?post=3870"},{"taxonomy":"product_tag","embeddable":true,"href":"https:\/\/mysmartservice.tn\/en\/wp-json\/wp\/v2\/product_tag?post=3870"}],"curies":[{"name":"wp","href":"https:\/\/api.w.org\/{rel}","templated":true}]}}