{"id":3866,"date":"2025-02-08T22:35:17","date_gmt":"2025-02-08T22:35:17","guid":{"rendered":"https:\/\/mysmartservice.tn\/?post_type=product&#038;p=3866"},"modified":"2025-02-08T22:44:15","modified_gmt":"2025-02-08T22:44:15","slug":"montre-connectee-colmi-p81-bleu","status":"publish","type":"product","link":"https:\/\/mysmartservice.tn\/en\/product\/montre-connectee-colmi-p81-bleu\/","title":{"rendered":"COLMI P81 Smartwatch \u2013 Blue"},"content":{"rendered":"","protected":false},"excerpt":{"rendered":"<p>Montre Connect\u00e9e COLMI P81 &#8211; \u00c9cran:\u00a0<strong>1.9&Prime; IPS\u00a0(240x284px)\u00a0<\/strong>\u2013 Connectivity:\u00a0<strong>Bluetooth 5.3\u00a0<\/strong>&#8211; RAM: 640Ko &#8211; ROM: 64Mo &#8211;\u00a0<strong>Appel Bluetooth et notifications (chat, whats, email..)\u00a0&#8211;\u00a0<\/strong>Batterie:\u00a0<strong>300mAh<\/strong><strong>\u00a0<\/strong>\u2013 Autonomy:\u00a0<strong>3 &#8211; 5<\/strong>\u00a0<strong>jours<\/strong>\u00a0&#8211; Temps de charge: environ 2 heures &#8211; \u00c9tanch\u00e9it\u00e9:<strong>\u00a0IP68\u00a0<\/strong>&#8211;\u00a0<strong>100+ modes sportifs<\/strong>\u00a0&#8211;\u00a0<strong>Sant\u00e9:\u00a0<\/strong>Prise en charge de la d\u00e9tection de la fr\u00e9quence cardiaque, du sang d\u00e9tection de pression, d\u00e9tection d&rsquo;oxyg\u00e8ne dans le sang<strong>\u00a0<\/strong>&#8211; Syst\u00e8me d\u2019exploitation:\u00a0<strong>Android 4.4 et iOS 8.0<\/strong>\u00a0&#8211; Couleur: Bleu &#8211; Garantie: 1 an<\/p>","protected":false},"featured_media":3869,"comment_status":"open","ping_status":"closed","template":"","meta":[],"store":[],"product_brand":[],"product_cat":[15],"product_tag":[],"class_list":{"0":"post-3866","1":"product","2":"type-product","3":"status-publish","4":"has-post-thumbnail","6":"product_cat-uncategorized","8":"first","9":"instock","10":"shipping-taxable","11":"purchasable","12":"product-type-simple"},"_links":{"self":[{"href":"https:\/\/mysmartservice.tn\/en\/wp-json\/wp\/v2\/product\/3866","targetHints":{"allow":["GET"]}}],"collection":[{"href":"https:\/\/mysmartservice.tn\/en\/wp-json\/wp\/v2\/product"}],"about":[{"href":"https:\/\/mysmartservice.tn\/en\/wp-json\/wp\/v2\/types\/product"}],"replies":[{"embeddable":true,"href":"https:\/\/mysmartservice.tn\/en\/wp-json\/wp\/v2\/comments?post=3866"}],"wp:featuredmedia":[{"embeddable":true,"href":"https:\/\/mysmartservice.tn\/en\/wp-json\/wp\/v2\/media\/3869"}],"wp:attachment":[{"href":"https:\/\/mysmartservice.tn\/en\/wp-json\/wp\/v2\/media?parent=3866"}],"wp:term":[{"taxonomy":"store","embeddable":true,"href":"https:\/\/mysmartservice.tn\/en\/wp-json\/wp\/v2\/store?post=3866"},{"taxonomy":"product_brand","embeddable":true,"href":"https:\/\/mysmartservice.tn\/en\/wp-json\/wp\/v2\/product_brand?post=3866"},{"taxonomy":"product_cat","embeddable":true,"href":"https:\/\/mysmartservice.tn\/en\/wp-json\/wp\/v2\/product_cat?post=3866"},{"taxonomy":"product_tag","embeddable":true,"href":"https:\/\/mysmartservice.tn\/en\/wp-json\/wp\/v2\/product_tag?post=3866"}],"curies":[{"name":"wp","href":"https:\/\/api.w.org\/{rel}","templated":true}]}}