{"id":3864,"date":"2025-02-08T22:29:20","date_gmt":"2025-02-08T22:29:20","guid":{"rendered":"https:\/\/mysmartservice.tn\/?post_type=product&#038;p=3864"},"modified":"2025-02-08T22:43:17","modified_gmt":"2025-02-08T22:43:17","slug":"montre-connectee-t800-ultra-blanc","status":"publish","type":"product","link":"https:\/\/mysmartservice.tn\/en\/product\/montre-connectee-t800-ultra-blanc\/","title":{"rendered":"T800 Ultra Smartwatch \u2013 White"},"content":{"rendered":"","protected":false},"excerpt":{"rendered":"<p>Montre Connect\u00e9e T800 Ultra &#8211;<strong>\u00a0<\/strong>Screen\u00a0<strong>HD 2.08&Prime;\u00a0<\/strong>\u2013 Connectivity:\u00a0<strong>Bluetooth 5.0<\/strong>\u00a0- Battery:\u00a0<strong>lithium Polym\u00e8re 320 mAh<\/strong>\u00a0&#8211; Autonomie :\u00a0<strong>7 \u00e0 15 jours<\/strong>\u00a0&#8211; Fonction de surveillance de la sant\u00e9 en temps r\u00e9el &#8211; R\u00e9sistance \u00e0 l&rsquo;eau:\u00a0<strong>IP67\u00a0<\/strong>&#8211; Mat\u00e9riau : alliage de Zinc + Gel de silice &#8211; Couleur: Blanc &#8211; Garantie: 3 mois<\/p>","protected":false},"featured_media":3865,"comment_status":"open","ping_status":"closed","template":"","meta":[],"store":[],"product_brand":[],"product_cat":[94,136],"product_tag":[],"class_list":{"0":"post-3864","1":"product","2":"type-product","3":"status-publish","4":"has-post-thumbnail","6":"product_cat-telephonie-et-montre-connecte","7":"product_cat-smart-watches","9":"first","10":"instock","11":"shipping-taxable","12":"purchasable","13":"product-type-simple"},"_links":{"self":[{"href":"https:\/\/mysmartservice.tn\/en\/wp-json\/wp\/v2\/product\/3864","targetHints":{"allow":["GET"]}}],"collection":[{"href":"https:\/\/mysmartservice.tn\/en\/wp-json\/wp\/v2\/product"}],"about":[{"href":"https:\/\/mysmartservice.tn\/en\/wp-json\/wp\/v2\/types\/product"}],"replies":[{"embeddable":true,"href":"https:\/\/mysmartservice.tn\/en\/wp-json\/wp\/v2\/comments?post=3864"}],"wp:featuredmedia":[{"embeddable":true,"href":"https:\/\/mysmartservice.tn\/en\/wp-json\/wp\/v2\/media\/3865"}],"wp:attachment":[{"href":"https:\/\/mysmartservice.tn\/en\/wp-json\/wp\/v2\/media?parent=3864"}],"wp:term":[{"taxonomy":"store","embeddable":true,"href":"https:\/\/mysmartservice.tn\/en\/wp-json\/wp\/v2\/store?post=3864"},{"taxonomy":"product_brand","embeddable":true,"href":"https:\/\/mysmartservice.tn\/en\/wp-json\/wp\/v2\/product_brand?post=3864"},{"taxonomy":"product_cat","embeddable":true,"href":"https:\/\/mysmartservice.tn\/en\/wp-json\/wp\/v2\/product_cat?post=3864"},{"taxonomy":"product_tag","embeddable":true,"href":"https:\/\/mysmartservice.tn\/en\/wp-json\/wp\/v2\/product_tag?post=3864"}],"curies":[{"name":"wp","href":"https:\/\/api.w.org\/{rel}","templated":true}]}}