{"id":3806,"date":"2025-02-08T13:43:43","date_gmt":"2025-02-08T13:43:43","guid":{"rendered":"https:\/\/mysmartservice.tn\/?post_type=product&#038;p=3806"},"modified":"2025-02-08T15:03:33","modified_gmt":"2025-02-08T15:03:33","slug":"machine-a-laver-semi-automatique-biolux-dt85-8kg-blanc","status":"publish","type":"product","link":"https:\/\/mysmartservice.tn\/en\/product\/machine-a-laver-semi-automatique-biolux-dt85-8kg-blanc\/","title":{"rendered":"BIOLUX DT85 8Kg Semi-Automatic Washing Machine \u2013 White"},"content":{"rendered":"","protected":false},"excerpt":{"rendered":"<p>Machine \u00e0 Laver\u00a0<span style=\"color: #ff0000;\"><strong>Semi-Automatique<\/strong><\/span>\u00a0BIOLUX &#8211;\u00a0<strong>\u00a0<\/strong>Capacit\u00e9:\u00a0<span style=\"color: #3366ff;\"><strong>8 Kg<\/strong>\u00a0<\/span>&#8211; Classe \u00e9nerg\u00e9tique:\u00a0<strong>A+<\/strong>\u00a0&#8211; Il utilise la quantit\u00e9 d\u2019eau, la dur\u00e9e et l\u2019\u00e9nergie id\u00e9ale pour offrir un maximum de soin \u00e0 vos v\u00eatements qui garderont leur aspect neuf plus longtemps &#8211; Dimensions: 73.5 x 43 x 84.5 cm &#8211; Couleur: Blanc &#8211;<span style=\"color: #ff0000;\"> Warranty: 1 year<\/span><\/p>","protected":false},"featured_media":3807,"comment_status":"open","ping_status":"closed","template":"","meta":[],"store":[463],"product_brand":[],"product_cat":[154,365],"product_tag":[],"class_list":{"0":"post-3806","1":"product","2":"type-product","3":"status-publish","4":"has-post-thumbnail","6":"store-biolux","7":"product_cat-electromenager","8":"product_cat-machine-a-laver","10":"first","11":"instock","12":"shipping-taxable","13":"purchasable","14":"product-type-simple"},"_links":{"self":[{"href":"https:\/\/mysmartservice.tn\/en\/wp-json\/wp\/v2\/product\/3806","targetHints":{"allow":["GET"]}}],"collection":[{"href":"https:\/\/mysmartservice.tn\/en\/wp-json\/wp\/v2\/product"}],"about":[{"href":"https:\/\/mysmartservice.tn\/en\/wp-json\/wp\/v2\/types\/product"}],"replies":[{"embeddable":true,"href":"https:\/\/mysmartservice.tn\/en\/wp-json\/wp\/v2\/comments?post=3806"}],"wp:featuredmedia":[{"embeddable":true,"href":"https:\/\/mysmartservice.tn\/en\/wp-json\/wp\/v2\/media\/3807"}],"wp:attachment":[{"href":"https:\/\/mysmartservice.tn\/en\/wp-json\/wp\/v2\/media?parent=3806"}],"wp:term":[{"taxonomy":"store","embeddable":true,"href":"https:\/\/mysmartservice.tn\/en\/wp-json\/wp\/v2\/store?post=3806"},{"taxonomy":"product_brand","embeddable":true,"href":"https:\/\/mysmartservice.tn\/en\/wp-json\/wp\/v2\/product_brand?post=3806"},{"taxonomy":"product_cat","embeddable":true,"href":"https:\/\/mysmartservice.tn\/en\/wp-json\/wp\/v2\/product_cat?post=3806"},{"taxonomy":"product_tag","embeddable":true,"href":"https:\/\/mysmartservice.tn\/en\/wp-json\/wp\/v2\/product_tag?post=3806"}],"curies":[{"name":"wp","href":"https:\/\/api.w.org\/{rel}","templated":true}]}}